{"id":3144,"date":"2022-10-04T10:24:58","date_gmt":"2022-10-04T10:24:58","guid":{"rendered":"https:\/\/eleogreece.nl\/amaliada\/"},"modified":"2024-11-12T14:15:28","modified_gmt":"2024-11-12T14:15:28","slug":"amaliada","status":"publish","type":"page","link":"https:\/\/eleogreece.nl\/de\/amaliada\/","title":{"rendered":"Amaliada"},"content":{"rendered":"\t\t<div data-elementor-type=\"wp-page\" data-elementor-id=\"3144\" class=\"elementor elementor-3144 elementor-874\" data-elementor-post-type=\"page\">\n\t\t\t\t\t\t<section class=\"elementor-section elementor-top-section elementor-element elementor-element-0106421 elementor-section-full_width elementor-section-stretched elementor-section-height-default elementor-section-height-default\" data-id=\"0106421\" data-element_type=\"section\" data-e-type=\"section\" data-settings=\"{&quot;stretch_section&quot;:&quot;section-stretched&quot;,&quot;background_background&quot;:&quot;classic&quot;}\">\n\t\t\t\t\t\t\t<div class=\"elementor-background-overlay\"><\/div>\n\t\t\t\t\t\t\t<div class=\"elementor-container elementor-column-gap-no\">\n\t\t\t\t\t<div class=\"elementor-column elementor-col-100 elementor-top-column elementor-element elementor-element-9022d72\" data-id=\"9022d72\" data-element_type=\"column\" data-e-type=\"column\">\n\t\t\t<div class=\"elementor-widget-wrap\">\n\t\t\t\t\t\t\t<\/div>\n\t\t<\/div>\n\t\t\t\t\t<\/div>\n\t\t<\/section>\n\t\t\t\t<section class=\"elementor-section elementor-top-section elementor-element elementor-element-a5b4266 elementor-section-boxed elementor-section-height-default elementor-section-height-default\" data-id=\"a5b4266\" data-element_type=\"section\" data-e-type=\"section\">\n\t\t\t\t\t\t<div class=\"elementor-container elementor-column-gap-default\">\n\t\t\t\t\t<div class=\"elementor-column elementor-col-100 elementor-top-column elementor-element elementor-element-367c160\" data-id=\"367c160\" data-element_type=\"column\" data-e-type=\"column\">\n\t\t\t<div class=\"elementor-widget-wrap\">\n\t\t\t\t\t\t\t<\/div>\n\t\t<\/div>\n\t\t\t\t\t<\/div>\n\t\t<\/section>\n\t\t\t\t<section class=\"elementor-section elementor-top-section elementor-element elementor-element-6c51105 elementor-section-full_width elementor-section-stretched elementor-section-height-default elementor-section-height-default\" data-id=\"6c51105\" data-element_type=\"section\" data-e-type=\"section\" data-settings=\"{&quot;stretch_section&quot;:&quot;section-stretched&quot;}\">\n\t\t\t\t\t\t<div class=\"elementor-container elementor-column-gap-default\">\n\t\t\t\t\t<div class=\"elementor-column elementor-col-100 elementor-top-column elementor-element elementor-element-5b2ebb1\" data-id=\"5b2ebb1\" data-element_type=\"column\" data-e-type=\"column\">\n\t\t\t<div class=\"elementor-widget-wrap elementor-element-populated\">\n\t\t\t\t\t\t<div class=\"elementor-element elementor-element-f283b18 elementor-widget elementor-widget-image\" data-id=\"f283b18\" data-element_type=\"widget\" data-e-type=\"widget\" data-widget_type=\"image.default\">\n\t\t\t\t<div class=\"elementor-widget-container\">\n\t\t\t\t\t\t\t\t\t\t\t\t\t\t\t<img fetchpriority=\"high\" decoding=\"async\" width=\"1920\" height=\"360\" src=\"https:\/\/eleogreece.nl\/wp-content\/uploads\/2022\/09\/olijftak-2_Tekengebied-1.png\" class=\"attachment-full size-full wp-image-2245\" alt=\"\" srcset=\"https:\/\/eleogreece.nl\/wp-content\/uploads\/2022\/09\/olijftak-2_Tekengebied-1.png 1920w, https:\/\/eleogreece.nl\/wp-content\/uploads\/2022\/09\/olijftak-2_Tekengebied-1-300x56.png 300w, https:\/\/eleogreece.nl\/wp-content\/uploads\/2022\/09\/olijftak-2_Tekengebied-1-1024x192.png 1024w, https:\/\/eleogreece.nl\/wp-content\/uploads\/2022\/09\/olijftak-2_Tekengebied-1-768x144.png 768w, https:\/\/eleogreece.nl\/wp-content\/uploads\/2022\/09\/olijftak-2_Tekengebied-1-1536x288.png 1536w\" sizes=\"(max-width: 1920px) 100vw, 1920px\" \/>\t\t\t\t\t\t\t\t\t\t\t\t\t\t\t<\/div>\n\t\t\t\t<\/div>\n\t\t\t\t<div class=\"elementor-element elementor-element-1292777 elementor-widget elementor-widget-heading\" data-id=\"1292777\" data-element_type=\"widget\" data-e-type=\"widget\" data-widget_type=\"heading.default\">\n\t\t\t\t<div class=\"elementor-widget-container\">\n\t\t\t\t\t<h2 class=\"elementor-heading-title elementor-size-default\">Hochwertiges extra natives Oliven\u00f6l aus Amaliada<br>direkt vom Bauernhof<\/h2>\t\t\t\t<\/div>\n\t\t\t\t<\/div>\n\t\t\t\t<div class=\"elementor-element elementor-element-dac3519 elementor-widget elementor-widget-menu-anchor\" data-id=\"dac3519\" data-element_type=\"widget\" data-e-type=\"widget\" id=\"anchor\" data-widget_type=\"menu-anchor.default\">\n\t\t\t\t<div class=\"elementor-widget-container\">\n\t\t\t\t\t\t\t<div class=\"elementor-menu-anchor\" id=\"100a\"><\/div>\n\t\t\t\t\t\t<\/div>\n\t\t\t\t<\/div>\n\t\t\t\t\t<\/div>\n\t\t<\/div>\n\t\t\t\t\t<\/div>\n\t\t<\/section>\n\t\t\t\t<section class=\"elementor-section elementor-top-section elementor-element elementor-element-44fa32f elementor-section-boxed elementor-section-height-default elementor-section-height-default\" data-id=\"44fa32f\" data-element_type=\"section\" data-e-type=\"section\">\n\t\t\t\t\t\t<div class=\"elementor-container elementor-column-gap-default\">\n\t\t\t\t\t<div class=\"elementor-column elementor-col-33 elementor-top-column elementor-element elementor-element-b39ed6f\" data-id=\"b39ed6f\" data-element_type=\"column\" data-e-type=\"column\">\n\t\t\t<div class=\"elementor-widget-wrap elementor-element-populated\">\n\t\t\t\t\t\t<div class=\"elementor-element elementor-element-c9fab27 elementor-widget elementor-widget-image\" data-id=\"c9fab27\" data-element_type=\"widget\" data-e-type=\"widget\" data-widget_type=\"image.default\">\n\t\t\t\t<div class=\"elementor-widget-container\">\n\t\t\t\t\t\t\t\t\t\t\t\t\t\t\t\t<a href=\"https:\/\/www.hellasfood.nl\/product\/eleo-amaliada-superior-extra-virgin-5x100-ml\/\" target=\"_blank\" rel=\"noopener noreferrer nofollow\">\n\t\t\t\t\t\t\t<img decoding=\"async\" width=\"427\" height=\"640\" src=\"https:\/\/eleogreece.nl\/wp-content\/uploads\/2024\/02\/Eleo-amaladia-100ml-can-1.png\" class=\"attachment-medium_large size-medium_large wp-image-3104\" alt=\"\" srcset=\"https:\/\/eleogreece.nl\/wp-content\/uploads\/2024\/02\/Eleo-amaladia-100ml-can-1.png 427w, https:\/\/eleogreece.nl\/wp-content\/uploads\/2024\/02\/Eleo-amaladia-100ml-can-1-200x300.png 200w\" sizes=\"(max-width: 427px) 100vw, 427px\" \/>\t\t\t\t\t\t\t\t<\/a>\n\t\t\t\t\t\t\t\t\t\t\t\t\t\t\t<\/div>\n\t\t\t\t<\/div>\n\t\t\t\t\t<\/div>\n\t\t<\/div>\n\t\t\t\t<div class=\"elementor-column elementor-col-33 elementor-top-column elementor-element elementor-element-1b9370c\" data-id=\"1b9370c\" data-element_type=\"column\" data-e-type=\"column\">\n\t\t\t<div class=\"elementor-widget-wrap\">\n\t\t\t\t\t\t\t<\/div>\n\t\t<\/div>\n\t\t\t\t<div class=\"elementor-column elementor-col-33 elementor-top-column elementor-element elementor-element-d5f6220\" data-id=\"d5f6220\" data-element_type=\"column\" data-e-type=\"column\" data-settings=\"{&quot;background_background&quot;:&quot;classic&quot;}\">\n\t\t\t<div class=\"elementor-widget-wrap elementor-element-populated\">\n\t\t\t\t\t\t<div class=\"elementor-element elementor-element-0fd3a38 elementor-widget elementor-widget-heading\" data-id=\"0fd3a38\" data-element_type=\"widget\" data-e-type=\"widget\" data-widget_type=\"heading.default\">\n\t\t\t\t<div class=\"elementor-widget-container\">\n\t\t\t\t\t<h2 class=\"elementor-heading-title elementor-size-default\">ELEO Amaliada - 100ml<br>Fein, erstklassig Extra Vergine<\/h2>\t\t\t\t<\/div>\n\t\t\t\t<\/div>\n\t\t\t\t<div class=\"elementor-element elementor-element-e36be07 elementor-widget elementor-widget-text-editor\" data-id=\"e36be07\" data-element_type=\"widget\" data-e-type=\"widget\" data-widget_type=\"text-editor.default\">\n\t\t\t\t<div class=\"elementor-widget-container\">\n\t\t\t\t\t\t\t\t\t<p>Dieses s\u00fc\u00dfe D\u00f6schen, das auf jedem Tisch gut aussieht, ist gef\u00fcllt mit dem preisgekr\u00f6nten extra nativen Oliven\u00f6l aus Amaliada. Direkt vom Hersteller in Amaliada, Peloponnes, Griechenland. Seit vielen Generationen arbeitet die Familie daran, jedes Jahr ein Spitzen-Oliven\u00f6l zu produzieren, mit viel Aufmerksamkeit f\u00fcr Qualit\u00e4t und Natur. Eine Dose enth\u00e4lt 100 Milliliter des k\u00f6stlichsten und ges\u00fcndesten Oliven\u00f6ls. Der Geschmack ist zart: sanft, mit subtilen Noten von sommerlichem Gras und Artischocken. Der Abgang verleiht ein angenehmes Kribbeln im Hals &#8211; das Markenzeichen von Spitzenqualit\u00e4t. Die niedrige S\u00e4ure ist der klare Beweis f\u00fcr die hohe Qualit\u00e4t. Denn weniger als 0,3% des Inhalts besteht aus ungebundenen Fetts\u00e4uren. Das macht dieses \u00d6l super gesund, mit g\u00fcnstigen Eigenschaften f\u00fcr Herz und Blutgef\u00e4\u00dfe, Nervensystem und Gehirn. Entz\u00fcndungshemmend. Aber vor allem ist es sehr lecker.<\/p>\n<p>\u2713 Frisch vom Feld auf den Tisch \u2713 \u00dcberlegene Qualit\u00e4t \u2713 Super gesund \u2713 Au\u00dfergew\u00f6hnlich lecker<\/p>\n\t\t\t\t\t\t\t\t<\/div>\n\t\t\t\t<\/div>\n\t\t\t\t<div class=\"elementor-element elementor-element-d4e2767 elementor-widget elementor-widget-menu-anchor\" data-id=\"d4e2767\" data-element_type=\"widget\" data-e-type=\"widget\" data-widget_type=\"menu-anchor.default\">\n\t\t\t\t<div class=\"elementor-widget-container\">\n\t\t\t\t\t\t\t<div class=\"elementor-menu-anchor\" id=\"750a\"><\/div>\n\t\t\t\t\t\t<\/div>\n\t\t\t\t<\/div>\n\t\t\t\t<div class=\"elementor-element elementor-element-569270c elementor-align-right elementor-widget elementor-widget-button\" data-id=\"569270c\" data-element_type=\"widget\" data-e-type=\"widget\" data-widget_type=\"button.default\">\n\t\t\t\t<div class=\"elementor-widget-container\">\n\t\t\t\t\t\t\t\t\t<div class=\"elementor-button-wrapper\">\n\t\t\t\t\t<a class=\"elementor-button elementor-button-link elementor-size-sm\" href=\"https:\/\/www.hellasfood.nl\/product\/eleo-amaliada-superior-extra-virgin-5x100-ml\/\" target=\"_blank\" rel=\"noopener noreferrer nofollow\">\n\t\t\t\t\t\t<span class=\"elementor-button-content-wrapper\">\n\t\t\t\t\t\t\t\t\t<span class=\"elementor-button-text\"> 100 ml Dosen kaufen<\/span>\n\t\t\t\t\t<\/span>\n\t\t\t\t\t<\/a>\n\t\t\t\t<\/div>\n\t\t\t\t\t\t\t\t<\/div>\n\t\t\t\t<\/div>\n\t\t\t\t\t<\/div>\n\t\t<\/div>\n\t\t\t\t\t<\/div>\n\t\t<\/section>\n\t\t<div class=\"elementor-element elementor-element-2a22777 e-flex e-con-boxed e-con e-parent\" data-id=\"2a22777\" data-element_type=\"container\" data-e-type=\"container\">\n\t\t\t\t\t<div class=\"e-con-inner\">\n\t\t\t\t\t<\/div>\n\t\t\t\t<\/div>\n\t\t\t\t<section class=\"elementor-section elementor-top-section elementor-element elementor-element-3980315 elementor-section-boxed elementor-section-height-default elementor-section-height-default\" data-id=\"3980315\" data-element_type=\"section\" data-e-type=\"section\">\n\t\t\t\t\t\t<div class=\"elementor-container elementor-column-gap-default\">\n\t\t\t\t\t<div class=\"elementor-column elementor-col-33 elementor-top-column elementor-element elementor-element-6bb4f02\" data-id=\"6bb4f02\" data-element_type=\"column\" data-e-type=\"column\">\n\t\t\t<div class=\"elementor-widget-wrap elementor-element-populated\">\n\t\t\t\t\t\t<div class=\"elementor-element elementor-element-a745453 elementor-widget elementor-widget-image\" data-id=\"a745453\" data-element_type=\"widget\" data-e-type=\"widget\" data-widget_type=\"image.default\">\n\t\t\t\t<div class=\"elementor-widget-container\">\n\t\t\t\t\t\t\t\t\t\t\t\t\t\t\t\t<a href=\"https:\/\/www.hellasfood.nl\/product\/eleo-premium-excellent-750-ml\/\" target=\"_blank\" rel=\"noopener noreferrer nofollow\">\n\t\t\t\t\t\t\t<img decoding=\"async\" width=\"768\" height=\"1151\" src=\"https:\/\/eleogreece.nl\/wp-content\/uploads\/2022\/09\/\u00a9.2022-IvoVleugels_Eleo_PackShot-750ml_B_WEBSHOP-A-768x1151.png\" class=\"attachment-medium_large size-medium_large wp-image-2243\" alt=\"\" srcset=\"https:\/\/eleogreece.nl\/wp-content\/uploads\/2022\/09\/\u00a9.2022-IvoVleugels_Eleo_PackShot-750ml_B_WEBSHOP-A-768x1151.png 768w, https:\/\/eleogreece.nl\/wp-content\/uploads\/2022\/09\/\u00a9.2022-IvoVleugels_Eleo_PackShot-750ml_B_WEBSHOP-A-200x300.png 200w, https:\/\/eleogreece.nl\/wp-content\/uploads\/2022\/09\/\u00a9.2022-IvoVleugels_Eleo_PackShot-750ml_B_WEBSHOP-A-683x1024.png 683w, https:\/\/eleogreece.nl\/wp-content\/uploads\/2022\/09\/\u00a9.2022-IvoVleugels_Eleo_PackShot-750ml_B_WEBSHOP-A-1025x1536.png 1025w, https:\/\/eleogreece.nl\/wp-content\/uploads\/2022\/09\/\u00a9.2022-IvoVleugels_Eleo_PackShot-750ml_B_WEBSHOP-A.png 1281w\" sizes=\"(max-width: 768px) 100vw, 768px\" \/>\t\t\t\t\t\t\t\t<\/a>\n\t\t\t\t\t\t\t\t\t\t\t\t\t\t\t<\/div>\n\t\t\t\t<\/div>\n\t\t\t\t\t<\/div>\n\t\t<\/div>\n\t\t\t\t<div class=\"elementor-column elementor-col-33 elementor-top-column elementor-element elementor-element-53391ee\" data-id=\"53391ee\" data-element_type=\"column\" data-e-type=\"column\">\n\t\t\t<div class=\"elementor-widget-wrap\">\n\t\t\t\t\t\t\t<\/div>\n\t\t<\/div>\n\t\t\t\t<div class=\"elementor-column elementor-col-33 elementor-top-column elementor-element elementor-element-9084945\" data-id=\"9084945\" data-element_type=\"column\" data-e-type=\"column\" data-settings=\"{&quot;background_background&quot;:&quot;classic&quot;}\">\n\t\t\t<div class=\"elementor-widget-wrap elementor-element-populated\">\n\t\t\t\t\t\t<div class=\"elementor-element elementor-element-38f9c5b elementor-widget elementor-widget-heading\" data-id=\"38f9c5b\" data-element_type=\"widget\" data-e-type=\"widget\" data-widget_type=\"heading.default\">\n\t\t\t\t<div class=\"elementor-widget-container\">\n\t\t\t\t\t<h2 class=\"elementor-heading-title elementor-size-default\">ELEO - 750ML - Superieur<\/h2>\t\t\t\t<\/div>\n\t\t\t\t<\/div>\n\t\t\t\t<div class=\"elementor-element elementor-element-a0d1119 elementor-widget elementor-widget-text-editor\" data-id=\"a0d1119\" data-element_type=\"widget\" data-e-type=\"widget\" data-widget_type=\"text-editor.default\">\n\t\t\t\t<div class=\"elementor-widget-container\">\n\t\t\t\t\t\t\t\t\t<p>Mit Liebe hergestellt von unserer griechischen Familie in Amaliada (Peloponnes). 100% extra natives Oliven\u00f6l in einer sch\u00f6nen 750 ml Flasche. Reich im Geschmack, von h\u00f6chster Qualit\u00e4t und dazu noch sehr gesund. Dies ist Oliven\u00f6l f\u00fcr den erfahrenen Oliven\u00f6lnutzer! Der Geschmack ist voll und grasig. Der Abgang hat eine ziemliche Sch\u00e4rfe &#8211; das Merkmal von Spitzenqualit\u00e4t. Auch die Messungen zeigen, dass dieses \u00d6l von h\u00f6chster Qualit\u00e4t ist: weniger als 0,4% des Inhalts besteht aus ungebundenen Fetts\u00e4uren. ELEO Oliven\u00f6l enth\u00e4lt viele Polyphenole und Antioxidantien. Das macht dieses \u00d6l super gesund, mit vorteilhaften Eigenschaften f\u00fcr Herz und Blutgef\u00e4\u00dfe, Nervensystem, Gehirn und die Funktion Ihres Immunsystems. Unser extra natives Oliven\u00f6l ist 100% nat\u00fcrlich und nat\u00fcrlich kaltgepresst. Der ultimative Geschmacksverst\u00e4rker f\u00fcr jede Mahlzeit!<\/p>\n<p>\u2713 Frisch vom Feld auf den Tisch \u2713 \u00dcberlegene Qualit\u00e4t \u2713 Super gesund \u2713 Au\u00dfergew\u00f6hnlich lecker<\/p>\n\t\t\t\t\t\t\t\t<\/div>\n\t\t\t\t<\/div>\n\t\t\t\t<div class=\"elementor-element elementor-element-e34bc61 elementor-widget elementor-widget-menu-anchor\" data-id=\"e34bc61\" data-element_type=\"widget\" data-e-type=\"widget\" data-widget_type=\"menu-anchor.default\">\n\t\t\t\t<div class=\"elementor-widget-container\">\n\t\t\t\t\t\t\t<div class=\"elementor-menu-anchor\" id=\"5a\"><\/div>\n\t\t\t\t\t\t<\/div>\n\t\t\t\t<\/div>\n\t\t\t\t<div class=\"elementor-element elementor-element-bb808fb elementor-align-right elementor-widget elementor-widget-button\" data-id=\"bb808fb\" data-element_type=\"widget\" data-e-type=\"widget\" data-widget_type=\"button.default\">\n\t\t\t\t<div class=\"elementor-widget-container\">\n\t\t\t\t\t\t\t\t\t<div class=\"elementor-button-wrapper\">\n\t\t\t\t\t<a class=\"elementor-button elementor-button-link elementor-size-sm\" href=\"https:\/\/www.hellasfood.nl\/product\/eleo-premium-excellent-750-ml\/\" target=\"_blank\" rel=\"noopener noreferrer nofollow\">\n\t\t\t\t\t\t<span class=\"elementor-button-content-wrapper\">\n\t\t\t\t\t\t\t\t\t<span class=\"elementor-button-text\">Flasche(n) 750ML kaufen.<\/span>\n\t\t\t\t\t<\/span>\n\t\t\t\t\t<\/a>\n\t\t\t\t<\/div>\n\t\t\t\t\t\t\t\t<\/div>\n\t\t\t\t<\/div>\n\t\t\t\t\t<\/div>\n\t\t<\/div>\n\t\t\t\t\t<\/div>\n\t\t<\/section>\n\t\t<div class=\"elementor-element elementor-element-6e851cb e-flex e-con-boxed e-con e-parent\" data-id=\"6e851cb\" data-element_type=\"container\" data-e-type=\"container\">\n\t\t\t\t\t<div class=\"e-con-inner\">\n\t\t\t\t\t<\/div>\n\t\t\t\t<\/div>\n\t\t\t\t<section class=\"elementor-section elementor-top-section elementor-element elementor-element-bc1204f elementor-section-boxed elementor-section-height-default elementor-section-height-default\" data-id=\"bc1204f\" data-element_type=\"section\" data-e-type=\"section\" id=\"5a\">\n\t\t\t\t\t\t<div class=\"elementor-container elementor-column-gap-default\">\n\t\t\t\t\t<div class=\"elementor-column elementor-col-33 elementor-top-column elementor-element elementor-element-21acca2\" data-id=\"21acca2\" data-element_type=\"column\" data-e-type=\"column\">\n\t\t\t<div class=\"elementor-widget-wrap elementor-element-populated\">\n\t\t\t\t\t\t<div class=\"elementor-element elementor-element-d477149 elementor-widget elementor-widget-image\" data-id=\"d477149\" data-element_type=\"widget\" data-e-type=\"widget\" data-widget_type=\"image.default\">\n\t\t\t\t<div class=\"elementor-widget-container\">\n\t\t\t\t\t\t\t\t\t\t\t\t\t\t\t<img loading=\"lazy\" decoding=\"async\" width=\"768\" height=\"1151\" src=\"https:\/\/eleogreece.nl\/wp-content\/uploads\/2022\/09\/\u00a9.2022-IvoVleugels_Eleo_PackShot-5L-B-voorkant-A-768x1151.png\" class=\"attachment-medium_large size-medium_large wp-image-2237\" alt=\"\" srcset=\"https:\/\/eleogreece.nl\/wp-content\/uploads\/2022\/09\/\u00a9.2022-IvoVleugels_Eleo_PackShot-5L-B-voorkant-A-768x1151.png 768w, https:\/\/eleogreece.nl\/wp-content\/uploads\/2022\/09\/\u00a9.2022-IvoVleugels_Eleo_PackShot-5L-B-voorkant-A-200x300.png 200w, https:\/\/eleogreece.nl\/wp-content\/uploads\/2022\/09\/\u00a9.2022-IvoVleugels_Eleo_PackShot-5L-B-voorkant-A-683x1024.png 683w, https:\/\/eleogreece.nl\/wp-content\/uploads\/2022\/09\/\u00a9.2022-IvoVleugels_Eleo_PackShot-5L-B-voorkant-A-1025x1536.png 1025w, https:\/\/eleogreece.nl\/wp-content\/uploads\/2022\/09\/\u00a9.2022-IvoVleugels_Eleo_PackShot-5L-B-voorkant-A.png 1281w\" sizes=\"(max-width: 768px) 100vw, 768px\" \/>\t\t\t\t\t\t\t\t\t\t\t\t\t\t\t<\/div>\n\t\t\t\t<\/div>\n\t\t\t\t\t<\/div>\n\t\t<\/div>\n\t\t\t\t<div class=\"elementor-column elementor-col-33 elementor-top-column elementor-element elementor-element-2605d24\" data-id=\"2605d24\" data-element_type=\"column\" data-e-type=\"column\">\n\t\t\t<div class=\"elementor-widget-wrap\">\n\t\t\t\t\t\t\t<\/div>\n\t\t<\/div>\n\t\t\t\t<div class=\"elementor-column elementor-col-33 elementor-top-column elementor-element elementor-element-fbbd7f1\" data-id=\"fbbd7f1\" data-element_type=\"column\" data-e-type=\"column\" data-settings=\"{&quot;background_background&quot;:&quot;classic&quot;}\">\n\t\t\t<div class=\"elementor-widget-wrap elementor-element-populated\">\n\t\t\t\t\t\t<div class=\"elementor-element elementor-element-bf61b0c elementor-widget elementor-widget-heading\" data-id=\"bf61b0c\" data-element_type=\"widget\" data-e-type=\"widget\" data-widget_type=\"heading.default\">\n\t\t\t\t<div class=\"elementor-widget-container\">\n\t\t\t\t\t<h2 class=\"elementor-heading-title elementor-size-default\">ELEO - 5L - Hervorragende Qualit\u00e4t<\/h2>\t\t\t\t<\/div>\n\t\t\t\t<\/div>\n\t\t\t\t<div class=\"elementor-element elementor-element-8a32839 elementor-widget elementor-widget-text-editor\" data-id=\"8a32839\" data-element_type=\"widget\" data-e-type=\"widget\" data-widget_type=\"text-editor.default\">\n\t\t\t\t<div class=\"elementor-widget-container\">\n\t\t\t\t\t\t\t\t\t<p>Topqualit\u00e4t zu einem sehr attraktiven Preis: Die 5-Liter-Dose f\u00fcr echte Oliven\u00f6l-Liebhaber. Direkt aus Amaliada (einem Dorf, zu dem wir enge Bindungen haben) zu dir. Dieser ELEO ist von herausragender Qualit\u00e4t. Der Geschmack ist voll, kr\u00e4ftig und grasig. Der Abgang hat eine ziemliche Sch\u00e4rfe &#8211; das Merkmal von Spitzenqualit\u00e4t. Auch die Messungen zeigen, dass dieses \u00d6l von herausragender Qualit\u00e4t ist: weniger als 0,4% des Inhalts besteht aus ungebundenen Fetts\u00e4uren. ELEO Oliven\u00f6l enth\u00e4lt viele Polyphenole und Antioxidantien. Das macht dieses \u00d6l super gesund, mit vorteilhaften Eigenschaften f\u00fcr Herz und Blutgef\u00e4\u00dfe, Nervensystem, Gehirn und die Funktion deines Immunsystems. Unser extra natives Oliven\u00f6l ist 100% nat\u00fcrlich, kaltgepresst und niedrig im S\u00e4uregehalt. Kaltgepresstes 100% extra natives Oliven\u00f6l mit niedrigem S\u00e4uregehalt. Reich an Duft und Geschmack!<\/p>\n<p>\u2713 Frisch vom Feld auf den Tisch<br \/>\n\u2713 Hervorragende Qualit\u00e4t<br \/>\n\u2713 Super gesund<br \/>\n\u2713 Au\u00dfergew\u00f6hnlich lecker<br \/>\n\u2713 Geeignet f\u00fcr warme und kalte Anwendungen<\/p>\n\t\t\t\t\t\t\t\t<\/div>\n\t\t\t\t<\/div>\n\t\t\t\t<div class=\"elementor-element elementor-element-363a900 elementor-align-right elementor-widget elementor-widget-button\" data-id=\"363a900\" data-element_type=\"widget\" data-e-type=\"widget\" data-widget_type=\"button.default\">\n\t\t\t\t<div class=\"elementor-widget-container\">\n\t\t\t\t\t\t\t\t\t<div class=\"elementor-button-wrapper\">\n\t\t\t\t\t<a class=\"elementor-button elementor-button-link elementor-size-sm\" href=\"https:\/\/www.hellasfood.nl\/product\/premium-5l\/\" target=\"_blank\" rel=\"noopener noreferrer nofollow\">\n\t\t\t\t\t\t<span class=\"elementor-button-content-wrapper\">\n\t\t\t\t\t\t\t\t\t<span class=\"elementor-button-text\">Dosen 5L kaufen.<\/span>\n\t\t\t\t\t<\/span>\n\t\t\t\t\t<\/a>\n\t\t\t\t<\/div>\n\t\t\t\t\t\t\t\t<\/div>\n\t\t\t\t<\/div>\n\t\t\t\t\t<\/div>\n\t\t<\/div>\n\t\t\t\t\t<\/div>\n\t\t<\/section>\n\t\t\t\t<section class=\"elementor-section elementor-top-section elementor-element elementor-element-04c11ad elementor-section-boxed elementor-section-height-default elementor-section-height-default\" data-id=\"04c11ad\" data-element_type=\"section\" data-e-type=\"section\">\n\t\t\t\t\t\t<div class=\"elementor-container elementor-column-gap-default\">\n\t\t\t\t\t<div class=\"elementor-column elementor-col-100 elementor-top-column elementor-element elementor-element-e89b4d7\" data-id=\"e89b4d7\" data-element_type=\"column\" data-e-type=\"column\">\n\t\t\t<div class=\"elementor-widget-wrap elementor-element-populated\">\n\t\t\t\t\t\t<div class=\"elementor-element elementor-element-a9717c4 elementor-widget elementor-widget-spacer\" data-id=\"a9717c4\" data-element_type=\"widget\" data-e-type=\"widget\" data-widget_type=\"spacer.default\">\n\t\t\t\t<div class=\"elementor-widget-container\">\n\t\t\t\t\t\t\t<div class=\"elementor-spacer\">\n\t\t\t<div class=\"elementor-spacer-inner\"><\/div>\n\t\t<\/div>\n\t\t\t\t\t\t<\/div>\n\t\t\t\t<\/div>\n\t\t\t\t\t<\/div>\n\t\t<\/div>\n\t\t\t\t\t<\/div>\n\t\t<\/section>\n\t\t\t\t<\/div>\n\t\t","protected":false},"excerpt":{"rendered":"<p>Hochwertiges extra natives Oliven\u00f6l aus Amaliadadirekt vom Bauernhof ELEO Amaliada &#8211; 100mlFein, erstklassig Extra Vergine Dieses s\u00fc\u00dfe D\u00f6schen, das auf jedem Tisch gut aussieht, ist gef\u00fcllt mit dem preisgekr\u00f6nten extra nativen Oliven\u00f6l aus Amaliada. Direkt vom Hersteller in Amaliada, Peloponnes, Griechenland. Seit vielen Generationen arbeitet die Familie daran, jedes Jahr ein Spitzen-Oliven\u00f6l zu produzieren, mit [&hellip;]<\/p>\n","protected":false},"author":1,"featured_media":0,"parent":0,"menu_order":0,"comment_status":"closed","ping_status":"closed","template":"","meta":{"site-sidebar-layout":"no-sidebar","site-content-layout":"page-builder","ast-site-content-layout":"default","site-content-style":"default","site-sidebar-style":"default","ast-global-header-display":"","ast-banner-title-visibility":"","ast-main-header-display":"","ast-hfb-above-header-display":"","ast-hfb-below-header-display":"","ast-hfb-mobile-header-display":"","site-post-title":"disabled","ast-breadcrumbs-content":"","ast-featured-img":"disabled","footer-sml-layout":"","ast-disable-related-posts":"","theme-transparent-header-meta":"","adv-header-id-meta":"","stick-header-meta":"","header-above-stick-meta":"","header-main-stick-meta":"","header-below-stick-meta":"","astra-migrate-meta-layouts":"default","ast-page-background-enabled":"default","ast-page-background-meta":{"desktop":{"background-color":"","background-image":"","background-repeat":"repeat","background-position":"center center","background-size":"auto","background-attachment":"scroll","background-type":"","background-media":"","overlay-type":"","overlay-color":"","overlay-opacity":"","overlay-gradient":""},"tablet":{"background-color":"","background-image":"","background-repeat":"repeat","background-position":"center center","background-size":"auto","background-attachment":"scroll","background-type":"","background-media":"","overlay-type":"","overlay-color":"","overlay-opacity":"","overlay-gradient":""},"mobile":{"background-color":"","background-image":"","background-repeat":"repeat","background-position":"center center","background-size":"auto","background-attachment":"scroll","background-type":"","background-media":"","overlay-type":"","overlay-color":"","overlay-opacity":"","overlay-gradient":""}},"ast-content-background-meta":{"desktop":{"background-color":"var(--ast-global-color-5)","background-image":"","background-repeat":"repeat","background-position":"center center","background-size":"auto","background-attachment":"scroll","background-type":"","background-media":"","overlay-type":"","overlay-color":"","overlay-opacity":"","overlay-gradient":""},"tablet":{"background-color":"var(--ast-global-color-5)","background-image":"","background-repeat":"repeat","background-position":"center center","background-size":"auto","background-attachment":"scroll","background-type":"","background-media":"","overlay-type":"","overlay-color":"","overlay-opacity":"","overlay-gradient":""},"mobile":{"background-color":"var(--ast-global-color-5)","background-image":"","background-repeat":"repeat","background-position":"center center","background-size":"auto","background-attachment":"scroll","background-type":"","background-media":"","overlay-type":"","overlay-color":"","overlay-opacity":"","overlay-gradient":""}},"footnotes":""},"class_list":["post-3144","page","type-page","status-publish","hentry"],"_links":{"self":[{"href":"https:\/\/eleogreece.nl\/de\/wp-json\/wp\/v2\/pages\/3144","targetHints":{"allow":["GET"]}}],"collection":[{"href":"https:\/\/eleogreece.nl\/de\/wp-json\/wp\/v2\/pages"}],"about":[{"href":"https:\/\/eleogreece.nl\/de\/wp-json\/wp\/v2\/types\/page"}],"author":[{"embeddable":true,"href":"https:\/\/eleogreece.nl\/de\/wp-json\/wp\/v2\/users\/1"}],"replies":[{"embeddable":true,"href":"https:\/\/eleogreece.nl\/de\/wp-json\/wp\/v2\/comments?post=3144"}],"version-history":[{"count":3,"href":"https:\/\/eleogreece.nl\/de\/wp-json\/wp\/v2\/pages\/3144\/revisions"}],"predecessor-version":[{"id":4296,"href":"https:\/\/eleogreece.nl\/de\/wp-json\/wp\/v2\/pages\/3144\/revisions\/4296"}],"wp:attachment":[{"href":"https:\/\/eleogreece.nl\/de\/wp-json\/wp\/v2\/media?parent=3144"}],"curies":[{"name":"wp","href":"https:\/\/api.w.org\/{rel}","templated":true}]}}