{"id":2783,"date":"2023-08-12T16:58:58","date_gmt":"2023-08-12T16:58:58","guid":{"rendered":"https:\/\/eleogreece.nl\/?page_id=2783"},"modified":"2023-08-14T11:07:27","modified_gmt":"2023-08-14T11:07:27","slug":"kooperationen-sponsoring-und-test","status":"publish","type":"page","link":"https:\/\/eleogreece.nl\/de\/kooperationen-sponsoring-und-test\/","title":{"rendered":"Kooperationen, Sponsoring und Test"},"content":{"rendered":"\n<p>ELEO ist die Marke f\u00fcr hochwertiges Oliven\u00f6l von Hellas Food in Vaals (Niederlande). Hellas Food importiertt gesunder und schmackhafter Lebensmittel direkt vom Bauern in Griechenland. Unsere Mission ist es, m\u00f6glichst vielen Menschen bewusst zu machen, wie lecker gesundes Essen sein kann, ohne dass es teuer sein muss. Wir sind immer auf der Suche nach Kooperationen mit Menschen, Unternehmen, Organisationen und Veranstaltungen, bei denen wir unsere Mission verbreiten k\u00f6nnen.<\/p>\n\n\n\n<p>ELEO-Oliven\u00f6l extra vergine ist ein gutes Beispiel f\u00fcr unsere Mission: Es ist \u00e4u\u00dferst lecker, super gesund und sehr erschwinglich.<\/p>\n\n\n\n<p>Wenn Sie der Meinung sind, dass Sie uns bei der Erf\u00fcllung unserer Mission helfen k\u00f6nnen, w\u00fcrden wir Ihren Vorschlag gerne zur Kenntnis nehmen. Gerne stellen wir Ihnen kostenloses Oliven\u00f6l zur Verf\u00fcgung. Kontaktieren Sie Hans per E-Mail (eleogreece@gmail.com), per WhatsApp (+31638928310) oder per Instagram-DM (@eleogreece).<br><\/p>\n\n\n\n<p>Beispiele f\u00fcr erfolgreiches Sponsoring sind:<\/p>\n\n\n\n<ul class=\"wp-block-list\">\n<li>Oliven\u00f6lverkostung<\/li>\n\n\n\n<li>Pop-up-Restaurant mit Oliven\u00f6l auf dem Tisch<\/li>\n\n\n\n<li>Oliven\u00f6lpaket als Preis im Spiel<\/li>\n\n\n\n<li>Buch \u00fcber Oliven\u00f6l<\/li>\n\n\n\n<li>Informationen \u00fcber Oliven\u00f6l<\/li>\n<\/ul>\n","protected":false},"excerpt":{"rendered":"<p>ELEO ist die Marke f\u00fcr hochwertiges Oliven\u00f6l von Hellas Food in Vaals (Niederlande). Hellas Food importiertt gesunder und schmackhafter Lebensmittel direkt vom Bauern in Griechenland. Unsere Mission ist es, m\u00f6glichst vielen Menschen bewusst zu machen, wie lecker gesundes Essen sein kann, ohne dass es teuer sein muss. Wir sind immer auf der Suche nach Kooperationen [&hellip;]<\/p>\n","protected":false},"author":1,"featured_media":0,"parent":0,"menu_order":0,"comment_status":"closed","ping_status":"closed","template":"","meta":{"site-sidebar-layout":"default","site-content-layout":"","ast-site-content-layout":"default","site-content-style":"default","site-sidebar-style":"default","ast-global-header-display":"","ast-banner-title-visibility":"","ast-main-header-display":"","ast-hfb-above-header-display":"","ast-hfb-below-header-display":"","ast-hfb-mobile-header-display":"","site-post-title":"","ast-breadcrumbs-content":"","ast-featured-img":"","footer-sml-layout":"","ast-disable-related-posts":"","theme-transparent-header-meta":"","adv-header-id-meta":"","stick-header-meta":"","header-above-stick-meta":"","header-main-stick-meta":"","header-below-stick-meta":"","astra-migrate-meta-layouts":"default","ast-page-background-enabled":"default","ast-page-background-meta":{"desktop":{"background-color":"","background-image":"","background-repeat":"repeat","background-position":"center center","background-size":"auto","background-attachment":"scroll","background-type":"","background-media":"","overlay-type":"","overlay-color":"","overlay-opacity":"","overlay-gradient":""},"tablet":{"background-color":"","background-image":"","background-repeat":"repeat","background-position":"center center","background-size":"auto","background-attachment":"scroll","background-type":"","background-media":"","overlay-type":"","overlay-color":"","overlay-opacity":"","overlay-gradient":""},"mobile":{"background-color":"","background-image":"","background-repeat":"repeat","background-position":"center center","background-size":"auto","background-attachment":"scroll","background-type":"","background-media":"","overlay-type":"","overlay-color":"","overlay-opacity":"","overlay-gradient":""}},"ast-content-background-meta":{"desktop":{"background-color":"var(--ast-global-color-5)","background-image":"","background-repeat":"repeat","background-position":"center center","background-size":"auto","background-attachment":"scroll","background-type":"","background-media":"","overlay-type":"","overlay-color":"","overlay-opacity":"","overlay-gradient":""},"tablet":{"background-color":"var(--ast-global-color-5)","background-image":"","background-repeat":"repeat","background-position":"center center","background-size":"auto","background-attachment":"scroll","background-type":"","background-media":"","overlay-type":"","overlay-color":"","overlay-opacity":"","overlay-gradient":""},"mobile":{"background-color":"var(--ast-global-color-5)","background-image":"","background-repeat":"repeat","background-position":"center center","background-size":"auto","background-attachment":"scroll","background-type":"","background-media":"","overlay-type":"","overlay-color":"","overlay-opacity":"","overlay-gradient":""}},"footnotes":""},"class_list":["post-2783","page","type-page","status-publish","hentry"],"_links":{"self":[{"href":"https:\/\/eleogreece.nl\/de\/wp-json\/wp\/v2\/pages\/2783","targetHints":{"allow":["GET"]}}],"collection":[{"href":"https:\/\/eleogreece.nl\/de\/wp-json\/wp\/v2\/pages"}],"about":[{"href":"https:\/\/eleogreece.nl\/de\/wp-json\/wp\/v2\/types\/page"}],"author":[{"embeddable":true,"href":"https:\/\/eleogreece.nl\/de\/wp-json\/wp\/v2\/users\/1"}],"replies":[{"embeddable":true,"href":"https:\/\/eleogreece.nl\/de\/wp-json\/wp\/v2\/comments?post=2783"}],"version-history":[{"count":0,"href":"https:\/\/eleogreece.nl\/de\/wp-json\/wp\/v2\/pages\/2783\/revisions"}],"wp:attachment":[{"href":"https:\/\/eleogreece.nl\/de\/wp-json\/wp\/v2\/media?parent=2783"}],"curies":[{"name":"wp","href":"https:\/\/api.w.org\/{rel}","templated":true}]}}