{"id":2406,"date":"2022-11-24T12:10:17","date_gmt":"2022-11-24T12:10:17","guid":{"rendered":"https:\/\/eleogreece.nl\/terminologie\/"},"modified":"2024-11-12T14:01:53","modified_gmt":"2024-11-12T14:01:53","slug":"terminologie","status":"publish","type":"page","link":"https:\/\/eleogreece.nl\/de\/terminologie\/","title":{"rendered":"Terminologie"},"content":{"rendered":"\t\t<div data-elementor-type=\"wp-page\" data-elementor-id=\"2406\" class=\"elementor elementor-2406 elementor-1727\" data-elementor-post-type=\"page\">\n\t\t\t\t\t\t<section class=\"elementor-section elementor-top-section elementor-element elementor-element-0106421 elementor-section-full_width elementor-section-stretched elementor-section-height-default elementor-section-height-default\" data-id=\"0106421\" data-element_type=\"section\" data-e-type=\"section\" data-settings=\"{&quot;stretch_section&quot;:&quot;section-stretched&quot;,&quot;background_background&quot;:&quot;classic&quot;}\">\n\t\t\t\t\t\t\t<div class=\"elementor-background-overlay\"><\/div>\n\t\t\t\t\t\t\t<div class=\"elementor-container elementor-column-gap-no\">\n\t\t\t\t\t<div class=\"elementor-column elementor-col-100 elementor-top-column elementor-element elementor-element-9022d72\" data-id=\"9022d72\" data-element_type=\"column\" data-e-type=\"column\">\n\t\t\t<div class=\"elementor-widget-wrap\">\n\t\t\t\t\t\t\t<\/div>\n\t\t<\/div>\n\t\t\t\t\t<\/div>\n\t\t<\/section>\n\t\t\t\t<section class=\"elementor-section elementor-top-section elementor-element elementor-element-a5b4266 elementor-section-boxed elementor-section-height-default elementor-section-height-default\" data-id=\"a5b4266\" data-element_type=\"section\" data-e-type=\"section\">\n\t\t\t\t\t\t<div class=\"elementor-container elementor-column-gap-default\">\n\t\t\t\t\t<div class=\"elementor-column elementor-col-100 elementor-top-column elementor-element elementor-element-367c160\" data-id=\"367c160\" data-element_type=\"column\" data-e-type=\"column\">\n\t\t\t<div class=\"elementor-widget-wrap\">\n\t\t\t\t\t\t\t<\/div>\n\t\t<\/div>\n\t\t\t\t\t<\/div>\n\t\t<\/section>\n\t\t\t\t<section class=\"elementor-section elementor-top-section elementor-element elementor-element-6c51105 elementor-section-full_width elementor-section-stretched elementor-section-height-default elementor-section-height-default\" data-id=\"6c51105\" data-element_type=\"section\" data-e-type=\"section\" data-settings=\"{&quot;stretch_section&quot;:&quot;section-stretched&quot;}\">\n\t\t\t\t\t\t<div class=\"elementor-container elementor-column-gap-default\">\n\t\t\t\t\t<div class=\"elementor-column elementor-col-100 elementor-top-column elementor-element elementor-element-5b2ebb1\" data-id=\"5b2ebb1\" data-element_type=\"column\" data-e-type=\"column\">\n\t\t\t<div class=\"elementor-widget-wrap elementor-element-populated\">\n\t\t\t\t\t\t<div class=\"elementor-element elementor-element-f283b18 elementor-widget elementor-widget-image\" data-id=\"f283b18\" data-element_type=\"widget\" data-e-type=\"widget\" data-widget_type=\"image.default\">\n\t\t\t\t<div class=\"elementor-widget-container\">\n\t\t\t\t\t\t\t\t\t\t\t\t\t\t\t<img fetchpriority=\"high\" decoding=\"async\" width=\"1920\" height=\"360\" src=\"https:\/\/eleogreece.nl\/wp-content\/uploads\/2022\/09\/olijftak-2_Tekengebied-1.png\" class=\"attachment-full size-full wp-image-2245\" alt=\"\" srcset=\"https:\/\/eleogreece.nl\/wp-content\/uploads\/2022\/09\/olijftak-2_Tekengebied-1.png 1920w, https:\/\/eleogreece.nl\/wp-content\/uploads\/2022\/09\/olijftak-2_Tekengebied-1-300x56.png 300w, https:\/\/eleogreece.nl\/wp-content\/uploads\/2022\/09\/olijftak-2_Tekengebied-1-1024x192.png 1024w, https:\/\/eleogreece.nl\/wp-content\/uploads\/2022\/09\/olijftak-2_Tekengebied-1-768x144.png 768w, https:\/\/eleogreece.nl\/wp-content\/uploads\/2022\/09\/olijftak-2_Tekengebied-1-1536x288.png 1536w\" sizes=\"(max-width: 1920px) 100vw, 1920px\" \/>\t\t\t\t\t\t\t\t\t\t\t\t\t\t\t<\/div>\n\t\t\t\t<\/div>\n\t\t\t\t\t<\/div>\n\t\t<\/div>\n\t\t\t\t\t<\/div>\n\t\t<\/section>\n\t\t\t\t<section class=\"elementor-section elementor-top-section elementor-element elementor-element-ca49cc9 elementor-section-boxed elementor-section-height-default elementor-section-height-default\" data-id=\"ca49cc9\" data-element_type=\"section\" data-e-type=\"section\">\n\t\t\t\t\t\t<div class=\"elementor-container elementor-column-gap-default\">\n\t\t\t\t\t<div class=\"elementor-column elementor-col-50 elementor-top-column elementor-element elementor-element-44810f8\" data-id=\"44810f8\" data-element_type=\"column\" data-e-type=\"column\">\n\t\t\t<div class=\"elementor-widget-wrap elementor-element-populated\">\n\t\t\t\t\t\t<div class=\"elementor-element elementor-element-7a6dfb2 elementor-widget elementor-widget-text-editor\" data-id=\"7a6dfb2\" data-element_type=\"widget\" data-e-type=\"widget\" data-widget_type=\"text-editor.default\">\n\t\t\t\t<div class=\"elementor-widget-container\">\n\t\t\t\t\t\t\t\t\t<p><strong>S\u00e4uregehalt<\/strong>: Der wichtigste Indikator f\u00fcr die Qualit\u00e4t von nativem Oliven\u00f6l extra ist sein S\u00e4uregehalt. Dies sind die ungebundenen Fetts\u00e4uren in Gewichtsprozent. Extra natives \u00d6l muss unter 0,8 % liegen.<br \/><strong>Peroxidzahl<\/strong>: Dies ist ein Ma\u00df f\u00fcr die Prim\u00e4roxidation des Oliven\u00f6ls. Der Peroxidwert liegt unter 20 mg\/kg, was wiederum auf die hohe Qualit\u00e4t von ELEO hinweist.<\/p><p><strong>K268<\/strong>: Dieser Wert liegt unter 0,22 mg\/kg. Dies tr\u00e4gt zu einer geringen Sekund\u00e4roxidation bei<br \/><strong>K232<\/strong>: Dies weist auf das Vorhandensein prim\u00e4rer Oxidationskomponenten hin. Es handelt sich um ein allgemeineres Ma\u00df als die Peroxidzahl. Der K232-Wert eines nativen Oliven\u00f6ls extra sollte unter 2,5 liegen.<\/p><p><br \/><strong>DK<\/strong>: Je h\u00f6her der DK-Wert (Delta K), desto mehr \u00d6l au\u00dfer nativem Oliven\u00f6l extra wird darin gemischt. Der Wert f\u00fcr ELEO liegt unter 0,01.<\/p><p><strong>Polyphenole<\/strong>: Polyphenole sind nat\u00fcrliche Verbindungen in Oliven\u00f6l mit antioxidativen und entz\u00fcndungshemmenden Eigenschaften. Sie tragen ma\u00dfgeblich dazu bei, dass Oliven\u00f6l herzgesund ist. Der Verzehr von 20 ml nativem Oliven\u00f6l extra mit einer Polyphenolkonzentration von mindestens 250 mg\/kg soll die Oxidation von Fetten im Blutkreislauf verhindern. (mehr \u00fcber\u00a0Polyphenole).<\/p>\t\t\t\t\t\t\t\t<\/div>\n\t\t\t\t<\/div>\n\t\t\t\t\t<\/div>\n\t\t<\/div>\n\t\t\t\t<div class=\"elementor-column elementor-col-50 elementor-top-column elementor-element elementor-element-02f137c\" data-id=\"02f137c\" data-element_type=\"column\" data-e-type=\"column\">\n\t\t\t<div class=\"elementor-widget-wrap elementor-element-populated\">\n\t\t\t\t\t\t<div class=\"elementor-element elementor-element-cabc129 elementor-widget elementor-widget-text-editor\" data-id=\"cabc129\" data-element_type=\"widget\" data-e-type=\"widget\" data-widget_type=\"text-editor.default\">\n\t\t\t\t<div class=\"elementor-widget-container\">\n\t\t\t\t\t\t\t\t\t<p><strong>IST ALLES OLIVEN\u00d6L EXTRA VIRGIN?<\/strong><\/p><p>Nein, nur ein kleiner Teil des Oliven\u00f6ls ist gut genug, um das Pr\u00e4dikat Extra Virgin\u00a0 Oliven\u00f6l (EVOO) zu tragen. Experten sch\u00e4tzen, dass nur 10 % des gesamten Oliven\u00f6ls f\u00fcr extra vergine geeignet sind. Vor allem kleinere Produzenten verf\u00fcgen \u00fcber das handwerkliche K\u00f6nnen und die Sorgfalt der Verarbeitung (pfl\u00fccken unbesch\u00e4digter Oliven, Pressen innerhalb von 24 Stunden) f\u00fcr die Bezeichnung EVOO. Wenn das \u00d6l einen h\u00f6heren S\u00e4uregehalt hat, aber immer noch weniger als 2 %, dann darf es sich als Virgin bezeichnen.<br \/>Dabei handelt es sich immer noch um ein sehr hochwertiges Produkt, da der Gro\u00dfteil des Oliven\u00f6ls (und oft auch das in gro\u00dfen Mengen hergestellte Oliven\u00f6l) einen S\u00e4uregehalt von mehr als 2 % aufweist und daher \u201eOliven\u00f6l\u201c genannt wird.<\/p><p><br \/><strong>Aufmerksamkeit<\/strong>! In vielen Superm\u00e4rkten finden Sie Premium-Oliven\u00f6l, Extra-Oliven\u00f6l und andere irref\u00fchrende Begriffe, die Ihnen das Gef\u00fchl geben sollen, das beste \u00d6l zu kaufen. Dabei handelt es sich jedoch um gew\u00f6hnliches Oliven\u00f6l ohne Pr\u00e4dikat. Die Pr\u00e4dikate \u201eextra virgin\u201c und \u201evirgin\u201c sind durch EU-Vorschriften gesch\u00fctzt.<\/p><p>Je nach Sprache hei\u00dft es auch extra vergine, extra vierge order extra nativ.<\/p>\t\t\t\t\t\t\t\t<\/div>\n\t\t\t\t<\/div>\n\t\t\t\t\t<\/div>\n\t\t<\/div>\n\t\t\t\t\t<\/div>\n\t\t<\/section>\n\t\t\t\t<\/div>\n\t\t","protected":false},"excerpt":{"rendered":"<p>S\u00e4uregehalt: Der wichtigste Indikator f\u00fcr die Qualit\u00e4t von nativem Oliven\u00f6l extra ist sein S\u00e4uregehalt. Dies sind die ungebundenen Fetts\u00e4uren in Gewichtsprozent. Extra natives \u00d6l muss unter 0,8 % liegen.Peroxidzahl: Dies ist ein Ma\u00df f\u00fcr die Prim\u00e4roxidation des Oliven\u00f6ls. Der Peroxidwert liegt unter 20 mg\/kg, was wiederum auf die hohe Qualit\u00e4t von ELEO hinweist. K268: Dieser [&hellip;]<\/p>\n","protected":false},"author":1,"featured_media":0,"parent":0,"menu_order":0,"comment_status":"closed","ping_status":"closed","template":"","meta":{"site-sidebar-layout":"no-sidebar","site-content-layout":"page-builder","ast-site-content-layout":"default","site-content-style":"default","site-sidebar-style":"default","ast-global-header-display":"","ast-banner-title-visibility":"","ast-main-header-display":"","ast-hfb-above-header-display":"","ast-hfb-below-header-display":"","ast-hfb-mobile-header-display":"","site-post-title":"disabled","ast-breadcrumbs-content":"","ast-featured-img":"disabled","footer-sml-layout":"","ast-disable-related-posts":"","theme-transparent-header-meta":"","adv-header-id-meta":"","stick-header-meta":"","header-above-stick-meta":"","header-main-stick-meta":"","header-below-stick-meta":"","astra-migrate-meta-layouts":"default","ast-page-background-enabled":"default","ast-page-background-meta":{"desktop":{"background-color":"","background-image":"","background-repeat":"repeat","background-position":"center center","background-size":"auto","background-attachment":"scroll","background-type":"","background-media":"","overlay-type":"","overlay-color":"","overlay-opacity":"","overlay-gradient":""},"tablet":{"background-color":"","background-image":"","background-repeat":"repeat","background-position":"center center","background-size":"auto","background-attachment":"scroll","background-type":"","background-media":"","overlay-type":"","overlay-color":"","overlay-opacity":"","overlay-gradient":""},"mobile":{"background-color":"","background-image":"","background-repeat":"repeat","background-position":"center center","background-size":"auto","background-attachment":"scroll","background-type":"","background-media":"","overlay-type":"","overlay-color":"","overlay-opacity":"","overlay-gradient":""}},"ast-content-background-meta":{"desktop":{"background-color":"var(--ast-global-color-5)","background-image":"","background-repeat":"repeat","background-position":"center center","background-size":"auto","background-attachment":"scroll","background-type":"","background-media":"","overlay-type":"","overlay-color":"","overlay-opacity":"","overlay-gradient":""},"tablet":{"background-color":"var(--ast-global-color-5)","background-image":"","background-repeat":"repeat","background-position":"center center","background-size":"auto","background-attachment":"scroll","background-type":"","background-media":"","overlay-type":"","overlay-color":"","overlay-opacity":"","overlay-gradient":""},"mobile":{"background-color":"var(--ast-global-color-5)","background-image":"","background-repeat":"repeat","background-position":"center center","background-size":"auto","background-attachment":"scroll","background-type":"","background-media":"","overlay-type":"","overlay-color":"","overlay-opacity":"","overlay-gradient":""}},"footnotes":""},"class_list":["post-2406","page","type-page","status-publish","hentry"],"_links":{"self":[{"href":"https:\/\/eleogreece.nl\/de\/wp-json\/wp\/v2\/pages\/2406","targetHints":{"allow":["GET"]}}],"collection":[{"href":"https:\/\/eleogreece.nl\/de\/wp-json\/wp\/v2\/pages"}],"about":[{"href":"https:\/\/eleogreece.nl\/de\/wp-json\/wp\/v2\/types\/page"}],"author":[{"embeddable":true,"href":"https:\/\/eleogreece.nl\/de\/wp-json\/wp\/v2\/users\/1"}],"replies":[{"embeddable":true,"href":"https:\/\/eleogreece.nl\/de\/wp-json\/wp\/v2\/comments?post=2406"}],"version-history":[{"count":3,"href":"https:\/\/eleogreece.nl\/de\/wp-json\/wp\/v2\/pages\/2406\/revisions"}],"predecessor-version":[{"id":4271,"href":"https:\/\/eleogreece.nl\/de\/wp-json\/wp\/v2\/pages\/2406\/revisions\/4271"}],"wp:attachment":[{"href":"https:\/\/eleogreece.nl\/de\/wp-json\/wp\/v2\/media?parent=2406"}],"curies":[{"name":"wp","href":"https:\/\/api.w.org\/{rel}","templated":true}]}}