{"id":2402,"date":"2022-11-24T12:21:06","date_gmt":"2022-11-24T12:21:06","guid":{"rendered":"https:\/\/eleogreece.nl\/geschmacksnoten\/"},"modified":"2024-11-12T14:09:57","modified_gmt":"2024-11-12T14:09:57","slug":"geschmacksnoten","status":"publish","type":"page","link":"https:\/\/eleogreece.nl\/de\/geschmacksnoten\/","title":{"rendered":"Geschmacksnoten"},"content":{"rendered":"\t\t<div data-elementor-type=\"wp-page\" data-elementor-id=\"2402\" class=\"elementor elementor-2402 elementor-1749\" data-elementor-post-type=\"page\">\n\t\t\t\t\t\t<section class=\"elementor-section elementor-top-section elementor-element elementor-element-20b6599 elementor-section-full_width elementor-section-stretched elementor-section-height-default elementor-section-height-default\" data-id=\"20b6599\" data-element_type=\"section\" data-e-type=\"section\" data-settings=\"{&quot;stretch_section&quot;:&quot;section-stretched&quot;,&quot;background_background&quot;:&quot;classic&quot;}\">\n\t\t\t\t\t\t\t<div class=\"elementor-background-overlay\"><\/div>\n\t\t\t\t\t\t\t<div class=\"elementor-container elementor-column-gap-no\">\n\t\t\t\t\t<div class=\"elementor-column elementor-col-100 elementor-top-column elementor-element elementor-element-27d5c9b\" data-id=\"27d5c9b\" data-element_type=\"column\" data-e-type=\"column\">\n\t\t\t<div class=\"elementor-widget-wrap\">\n\t\t\t\t\t\t\t<\/div>\n\t\t<\/div>\n\t\t\t\t\t<\/div>\n\t\t<\/section>\n\t\t\t\t<section class=\"elementor-section elementor-top-section elementor-element elementor-element-b63a21d elementor-section-full_width elementor-section-stretched elementor-section-height-default elementor-section-height-default\" data-id=\"b63a21d\" data-element_type=\"section\" data-e-type=\"section\" data-settings=\"{&quot;stretch_section&quot;:&quot;section-stretched&quot;}\">\n\t\t\t\t\t\t<div class=\"elementor-container elementor-column-gap-default\">\n\t\t\t\t\t<div class=\"elementor-column elementor-col-100 elementor-top-column elementor-element elementor-element-103b90e\" data-id=\"103b90e\" data-element_type=\"column\" data-e-type=\"column\">\n\t\t\t<div class=\"elementor-widget-wrap elementor-element-populated\">\n\t\t\t\t\t\t<div class=\"elementor-element elementor-element-e60bdea elementor-widget elementor-widget-image\" data-id=\"e60bdea\" data-element_type=\"widget\" data-e-type=\"widget\" data-widget_type=\"image.default\">\n\t\t\t\t<div class=\"elementor-widget-container\">\n\t\t\t\t\t\t\t\t\t\t\t\t\t\t\t<img fetchpriority=\"high\" decoding=\"async\" width=\"1920\" height=\"360\" src=\"https:\/\/eleogreece.nl\/wp-content\/uploads\/2022\/09\/olijftak-2_Tekengebied-1.png\" class=\"attachment-full size-full wp-image-2245\" alt=\"\" srcset=\"https:\/\/eleogreece.nl\/wp-content\/uploads\/2022\/09\/olijftak-2_Tekengebied-1.png 1920w, https:\/\/eleogreece.nl\/wp-content\/uploads\/2022\/09\/olijftak-2_Tekengebied-1-300x56.png 300w, https:\/\/eleogreece.nl\/wp-content\/uploads\/2022\/09\/olijftak-2_Tekengebied-1-1024x192.png 1024w, https:\/\/eleogreece.nl\/wp-content\/uploads\/2022\/09\/olijftak-2_Tekengebied-1-768x144.png 768w, https:\/\/eleogreece.nl\/wp-content\/uploads\/2022\/09\/olijftak-2_Tekengebied-1-1536x288.png 1536w\" sizes=\"(max-width: 1920px) 100vw, 1920px\" \/>\t\t\t\t\t\t\t\t\t\t\t\t\t\t\t<\/div>\n\t\t\t\t<\/div>\n\t\t\t\t<div class=\"elementor-element elementor-element-ee22f69 elementor-widget elementor-widget-heading\" data-id=\"ee22f69\" data-element_type=\"widget\" data-e-type=\"widget\" data-widget_type=\"heading.default\">\n\t\t\t\t<div class=\"elementor-widget-container\">\n\t\t\t\t\t<h2 class=\"elementor-heading-title elementor-size-default\">Gesmacksnoten<\/h2>\t\t\t\t<\/div>\n\t\t\t\t<\/div>\n\t\t\t\t<div class=\"elementor-element elementor-element-259cecb elementor-widget elementor-widget-heading\" data-id=\"259cecb\" data-element_type=\"widget\" data-e-type=\"widget\" data-widget_type=\"heading.default\">\n\t\t\t\t<div class=\"elementor-widget-container\">\n\t\t\t\t\t<h5 class=\"elementor-heading-title elementor-size-default\">Sehen und teilen Sie die Kommentare zu Geschmack, Anwendungstipps und Gerichten.<\/h5>\t\t\t\t<\/div>\n\t\t\t\t<\/div>\n\t\t\t\t\t<\/div>\n\t\t<\/div>\n\t\t\t\t\t<\/div>\n\t\t<\/section>\n\t\t\t\t<section class=\"elementor-section elementor-top-section elementor-element elementor-element-5780498 elementor-section-boxed elementor-section-height-default elementor-section-height-default\" data-id=\"5780498\" data-element_type=\"section\" data-e-type=\"section\">\n\t\t\t\t\t\t<div class=\"elementor-container elementor-column-gap-default\">\n\t\t\t\t\t<div class=\"elementor-column elementor-col-50 elementor-top-column elementor-element elementor-element-856e849\" data-id=\"856e849\" data-element_type=\"column\" data-e-type=\"column\">\n\t\t\t<div class=\"elementor-widget-wrap elementor-element-populated\">\n\t\t\t\t\t\t<div class=\"elementor-element elementor-element-12749d3 elementor-widget elementor-widget-text-editor\" data-id=\"12749d3\" data-element_type=\"widget\" data-e-type=\"widget\" data-widget_type=\"text-editor.default\">\n\t\t\t\t<div class=\"elementor-widget-container\">\n\t\t\t\t\t\t\t\t\t<p>Extra natives Oliven\u00f6l l\u00e4sst sich im Allgemeinen in drei Kategorien einteilen: zart, mittel oder kr\u00e4ftig. Es gibt einige Faktoren, die bestimmen, wo ein Oliven\u00f6l im Stilspektrum landet, und w\u00e4hrend Wetter und Klima eine Rolle spielen, sind die Olivensorte und das Erntedatum von gr\u00f6\u00dfter Bedeutung. Schauen wir uns die einzelnen Oliven\u00f6lsorten genauer an.<\/p><p>Delicate: Zartes Oliven\u00f6l<br \/>Ein zartes Oliven\u00f6l hat einen weichen und buttrigen Geschmack, man merkt in der Nase eine Fruchtigkeit, keinerlei Bitterkeit und einen leicht pfeffrigen Nachgeschmack. Feines Oliven\u00f6l eignet sich ideal zum Backen und Braten oder als Ersatz f\u00fcr Butter oder Mayonnaise. In vielen Rezepten k\u00f6nnen Sie Butter durch feines Oliven\u00f6l ersetzen. Sie k\u00f6nnen sogar ein mildes Oliven\u00f6l als Gew\u00fcrz verwenden.<\/p><p>Medium: Mittleres Oliven\u00f6l<br \/>Ein mittelstarkes natives Oliven\u00f6l extra bietet einen fruchtigen Geschmack, einen grasigen Duft und einen pfeffrigen oder w\u00fcrzigen Nachgeschmack. Mittleres Oliven\u00f6l eignet sich hervorragend f\u00fcr Gem\u00fcse und Vinaigrettes und eignet sich hervorragend zum Dippen von Brot. Mittelstarkes Oliven\u00f6l eignet sich gut f\u00fcr jedes Gem\u00fcse, vom zarten Kopfsalat bis zum pfeffrigen Rucola. Oder tauchen Sie Gem\u00fcse vor dem Braten oder Grillen in mittelgro\u00dfes Oliven\u00f6l und betr\u00e4ufeln Sie die weichen, karamellisierten Leckereien dann mit etwas Oliven\u00f6l, um das Ganze abzurunden.<\/p><p>Robustes Oliven\u00f6l<br \/>Ein kr\u00e4ftiges Oliven\u00f6l bietet einen kr\u00e4ftigen Geschmack, eine ausgewogene Bitterkeit und einen sehr ausgepr\u00e4gten pfeffrigen Abgang. Au\u00dferdem genie\u00dfen Sie mit diesem \u00d6l einen fruchtigen Duft in der Nase. Im Allgemeinen eignen sich kr\u00e4ftige Oliven\u00f6le am besten f\u00fcr kr\u00e4ftige Aromen: gegrilltes oder gebratenes Fleisch, Tomatengerichte und als \u00d6l, das vielen Gerichten den letzten Schliff verleiht. Kr\u00e4ftige, intensive \u00d6le passen perfekt zu einer Vielzahl von Suppen, ger\u00f6stetem Gem\u00fcse und Pasta und sorgen f\u00fcr einen kr\u00e4ftigen Geschmack. Tomaten und Oliven\u00f6l sind eine nat\u00fcrliche Kombination und wir m\u00f6gen besonders ein herzhaftes, grasiges Oliven\u00f6l auf unseren Tomaten.<\/p><p>Die Griechen verbrauchen j\u00e4hrlich 12,8 Liter Oliven\u00f6l pro Kopf. Obwohl die Griechen im Durchschnitt mehr rauchen und trinken als die Niederl\u00e4nder und \u00fcber eine schlechtere Gesundheitsversorgung verf\u00fcgen, werden sie immer noch sechs Monate \u00e4lter. Dabei spielt der umfangreiche Einsatz von Oliven\u00f6l eine wichtige Rolle.<\/p><p>Die Niederl\u00e4nder verbrauchen weniger als 1 Liter Oliven\u00f6l pro Einwohner und Jahr, es gibt also noch viel Spielraum, um Ihr Essen schmackhafter und ges\u00fcnder zu machen.<\/p>\t\t\t\t\t\t\t\t<\/div>\n\t\t\t\t<\/div>\n\t\t\t\t\t<\/div>\n\t\t<\/div>\n\t\t\t\t<div class=\"elementor-column elementor-col-50 elementor-top-column elementor-element elementor-element-ed82e83\" data-id=\"ed82e83\" data-element_type=\"column\" data-e-type=\"column\">\n\t\t\t<div class=\"elementor-widget-wrap elementor-element-populated\">\n\t\t\t\t\t\t<div class=\"elementor-element elementor-element-e65b9df elementor-widget elementor-widget-text-editor\" data-id=\"e65b9df\" data-element_type=\"widget\" data-e-type=\"widget\" data-widget_type=\"text-editor.default\">\n\t\t\t\t<div class=\"elementor-widget-container\">\n\t\t\t\t\t\t\t\t\t<p>ELEO wird nicht nur verwendet, weil es super gesund ist, sondern vor allem, weil es sehr lecker ist. Sie k\u00f6nnen ELEO f\u00fcr viele Zwecke nutzen:<\/p><p>ELEO Oliven\u00f6l extra vergine ist f\u00fcr den kalten und hei\u00dfen Gebrauch geeignet. Mit ELEO k\u00f6nnen Sie backen, braten und braten.<br \/>Niederl\u00e4ndische Gerichte wie Kartoffeln, Brokkoli und Bohnen werden mit ELEO viel schmackhafter. Probieren Sie einen gro\u00dfz\u00fcgigen Spritzer \u00fcber den Eintopf! Unser \u00d6l verst\u00e4rkt den Geschmack, sodass Sie kein (oder weniger) Salz ben\u00f6tigen.<br \/>Es gibt noch viele weitere Anwendungen. Wo immer Sie Butter oder Margarine verwenden, k\u00f6nnen Sie diese durch ELEO Oliven\u00f6l ersetzen. Also auch im Apfelkuchen, auf dem Brot oder beim Zubereiten von Rezepten. Dadurch wird Ihr Essen schmackhafter und viel ges\u00fcnder.<br \/>Mit ELEO k\u00f6nnen Sie Salate bereichern<br \/>Betr\u00e4ufeln Sie ELEO-\u00d6l \u00fcber alle Gem\u00fcse-, Fisch- und Fleischsorten, die Sie im Grill oder auf dem Grill zubereitet haben<br \/>\u00d6l mit Brot (und manchmal etwas Meersalz) ist eine bekannte Vorspeise.<\/p><p>F\u00fcllen Sie eine Sch\u00fcssel zur H\u00e4lfte mit ELEO-\u00d6l und geben Sie ein oder zwei Essl\u00f6ffel Crema de Balsamico hinzu. Tauchen Sie Ihr Brot darin ein! Ein wahrer Genuss.<\/p>\t\t\t\t\t\t\t\t<\/div>\n\t\t\t\t<\/div>\n\t\t\t\t\t<\/div>\n\t\t<\/div>\n\t\t\t\t\t<\/div>\n\t\t<\/section>\n\t\t\t\t<section class=\"elementor-section elementor-top-section elementor-element elementor-element-168fe2b elementor-section-boxed elementor-section-height-default elementor-section-height-default\" data-id=\"168fe2b\" data-element_type=\"section\" data-e-type=\"section\" data-settings=\"{&quot;background_background&quot;:&quot;classic&quot;}\">\n\t\t\t\t\t\t<div class=\"elementor-container elementor-column-gap-default\">\n\t\t\t\t\t<div class=\"elementor-column elementor-col-100 elementor-top-column elementor-element elementor-element-8686851\" data-id=\"8686851\" data-element_type=\"column\" data-e-type=\"column\">\n\t\t\t<div class=\"elementor-widget-wrap elementor-element-populated\">\n\t\t\t\t\t\t<div class=\"elementor-element elementor-element-8c43d3c elementor-shape-rounded elementor-grid-0 e-grid-align-center elementor-widget elementor-widget-social-icons\" data-id=\"8c43d3c\" data-element_type=\"widget\" data-e-type=\"widget\" data-widget_type=\"social-icons.default\">\n\t\t\t\t<div class=\"elementor-widget-container\">\n\t\t\t\t\t\t\t<div class=\"elementor-social-icons-wrapper elementor-grid\" role=\"list\">\n\t\t\t\t\t\t\t<span class=\"elementor-grid-item\" role=\"listitem\">\n\t\t\t\t\t<a class=\"elementor-icon elementor-social-icon elementor-social-icon-facebook elementor-repeater-item-5301fd1\" href=\"https:\/\/www.facebook.com\/EleoGreecehttps:\/\/www.instagram.com\/eleogreece\/\" target=\"_blank\" rel=\"noopener noreferrer nofollow\">\n\t\t\t\t\t\t<span class=\"elementor-screen-only\">Facebook<\/span>\n\t\t\t\t\t\t<i aria-hidden=\"true\" class=\"fab fa-facebook\"><\/i>\t\t\t\t\t<\/a>\n\t\t\t\t<\/span>\n\t\t\t\t\t\t\t<span class=\"elementor-grid-item\" role=\"listitem\">\n\t\t\t\t\t<a class=\"elementor-icon elementor-social-icon elementor-social-icon-instagram elementor-repeater-item-e2e57e7\" href=\"https:\/\/www.instagram.com\/eleogreece\/\" target=\"_blank\" rel=\"noopener noreferrer nofollow\">\n\t\t\t\t\t\t<span class=\"elementor-screen-only\">Instagram<\/span>\n\t\t\t\t\t\t<i aria-hidden=\"true\" class=\"fab fa-instagram\"><\/i>\t\t\t\t\t<\/a>\n\t\t\t\t<\/span>\n\t\t\t\t\t<\/div>\n\t\t\t\t\t\t<\/div>\n\t\t\t\t<\/div>\n\t\t\t\t<div class=\"elementor-element elementor-element-23cf34e elementor-widget elementor-widget-text-editor\" data-id=\"23cf34e\" data-element_type=\"widget\" data-e-type=\"widget\" data-widget_type=\"text-editor.default\">\n\t\t\t\t<div class=\"elementor-widget-container\">\n\t\t\t\t\t\t\t\t\t<p>Wir w\u00fcrden uns \u00fcber Ihre Verkostungsnotizen freuen. Sie k\u00f6nnen dies \u00fcber Instagram, Facebook, E-Mail oder indem Sie unten eine Nachricht hinterlassen, tun. Hast du ein Originalrezept? Teilen Sie es mit uns.<\/p>\t\t\t\t\t\t\t\t<\/div>\n\t\t\t\t<\/div>\n\t\t\t\t<div class=\"elementor-element elementor-element-56dfa06 elementor-button-align-end elementor-widget elementor-widget-form\" data-id=\"56dfa06\" data-element_type=\"widget\" data-e-type=\"widget\" data-settings=\"{&quot;step_next_label&quot;:&quot;Next&quot;,&quot;step_previous_label&quot;:&quot;Previous&quot;,&quot;button_width&quot;:&quot;100&quot;,&quot;step_type&quot;:&quot;number_text&quot;,&quot;step_icon_shape&quot;:&quot;circle&quot;}\" data-widget_type=\"form.default\">\n\t\t\t\t<div class=\"elementor-widget-container\">\n\t\t\t\t\t\t\t<form class=\"elementor-form\" method=\"post\" name=\"PROEFNOTITIES\" aria-label=\"PROEFNOTITIES\">\n\t\t\t<input type=\"hidden\" name=\"post_id\" value=\"2402\"\/>\n\t\t\t<input type=\"hidden\" name=\"form_id\" value=\"56dfa06\"\/>\n\t\t\t<input type=\"hidden\" name=\"referer_title\" value=\"\" \/>\n\n\t\t\t\n\t\t\t<div class=\"elementor-form-fields-wrapper elementor-labels-above\">\n\t\t\t\t\t\t\t\t<div class=\"elementor-field-type-email elementor-field-group elementor-column elementor-field-group-email elementor-col-100 elementor-field-required\">\n\t\t\t\t\t\t\t\t\t\t\t\t<label for=\"form-field-email\" class=\"elementor-field-label\">\n\t\t\t\t\t\t\t\tE-Mail, unter der wir Sie erreichen k\u00f6nnen\t\t\t\t\t\t\t<\/label>\n\t\t\t\t\t\t\t\t\t\t\t\t\t\t<input size=\"1\" type=\"email\" name=\"form_fields[email]\" id=\"form-field-email\" class=\"elementor-field elementor-size-sm  elementor-field-textual\" required=\"required\">\n\t\t\t\t\t\t\t\t\t\t\t<\/div>\n\t\t\t\t\t\t\t\t<div class=\"elementor-field-type-textarea elementor-field-group elementor-column elementor-field-group-message elementor-col-100\">\n\t\t\t\t\t\t\t\t\t\t\t\t<label for=\"form-field-message\" class=\"elementor-field-label\">\n\t\t\t\t\t\t\t\tNachricht\t\t\t\t\t\t\t<\/label>\n\t\t\t\t\t\t<textarea class=\"elementor-field-textual elementor-field  elementor-size-sm\" name=\"form_fields[message]\" id=\"form-field-message\" rows=\"4\"><\/textarea>\t\t\t\t<\/div>\n\t\t\t\t\t\t\t\t<div class=\"elementor-field-type-acceptance elementor-field-group elementor-column elementor-field-group-field_000e6c9 elementor-col-100\">\n\t\t\t\t\t\t\t<div class=\"elementor-field-subgroup\">\n\t\t\t<span class=\"elementor-field-option\">\n\t\t\t\t<input type=\"checkbox\" name=\"form_fields[field_000e6c9]\" id=\"form-field-field_000e6c9\" class=\"elementor-field elementor-size-sm  elementor-acceptance-field\">\n\t\t\t\t<label for=\"form-field-field_000e6c9\">Ich stimme der <a href=\"https:\/\/eleogreece.nl\/de\/datenschutz\/\">Datenschutzerkl\u00e4rung<\/a> von ELEO zu. Wir nutzen Ihre Daten ausschlie\u00dflich f\u00fcr ELEO. E-Mail-Adressen werden zu unserer Mailingliste hinzugef\u00fcgt. Wir k\u00f6nnen Ihre Nachrichten auf dieser Website oder in sozialen Medien teilen.<\/label>\t\t\t<\/span>\n\t\t<\/div>\n\t\t\t\t\t\t<\/div>\n\t\t\t\t\t\t\t\t<div class=\"elementor-field-group elementor-column elementor-field-type-submit elementor-col-100 e-form__buttons\">\n\t\t\t\t\t<button class=\"elementor-button elementor-size-sm\" type=\"submit\">\n\t\t\t\t\t\t<span class=\"elementor-button-content-wrapper\">\n\t\t\t\t\t\t\t\t\t\t\t\t\t\t\t\t\t\t\t\t\t\t<span class=\"elementor-button-text\">Klicken Sie zum Senden<\/span>\n\t\t\t\t\t\t\t\t\t\t\t\t\t<\/span>\n\t\t\t\t\t<\/button>\n\t\t\t\t<\/div>\n\t\t\t<\/div>\n\t\t<\/form>\n\t\t\t\t\t\t<\/div>\n\t\t\t\t<\/div>\n\t\t\t\t\t<\/div>\n\t\t<\/div>\n\t\t\t\t\t<\/div>\n\t\t<\/section>\n\t\t\t\t<\/div>\n\t\t","protected":false},"excerpt":{"rendered":"<p>Gesmacksnoten Sehen und teilen Sie die Kommentare zu Geschmack, Anwendungstipps und Gerichten. Extra natives Oliven\u00f6l l\u00e4sst sich im Allgemeinen in drei Kategorien einteilen: zart, mittel oder kr\u00e4ftig. Es gibt einige Faktoren, die bestimmen, wo ein Oliven\u00f6l im Stilspektrum landet, und w\u00e4hrend Wetter und Klima eine Rolle spielen, sind die Olivensorte und das Erntedatum von gr\u00f6\u00dfter [&hellip;]<\/p>\n","protected":false},"author":1,"featured_media":0,"parent":0,"menu_order":0,"comment_status":"closed","ping_status":"closed","template":"elementor_header_footer","meta":{"site-sidebar-layout":"no-sidebar","site-content-layout":"page-builder","ast-site-content-layout":"default","site-content-style":"default","site-sidebar-style":"default","ast-global-header-display":"","ast-banner-title-visibility":"","ast-main-header-display":"","ast-hfb-above-header-display":"","ast-hfb-below-header-display":"","ast-hfb-mobile-header-display":"","site-post-title":"disabled","ast-breadcrumbs-content":"","ast-featured-img":"disabled","footer-sml-layout":"","ast-disable-related-posts":"","theme-transparent-header-meta":"default","adv-header-id-meta":"","stick-header-meta":"default","header-above-stick-meta":"","header-main-stick-meta":"","header-below-stick-meta":"","astra-migrate-meta-layouts":"default","ast-page-background-enabled":"default","ast-page-background-meta":{"desktop":{"background-color":"","background-image":"","background-repeat":"repeat","background-position":"center center","background-size":"auto","background-attachment":"scroll","background-type":"","background-media":"","overlay-type":"","overlay-color":"","overlay-opacity":"","overlay-gradient":""},"tablet":{"background-color":"","background-image":"","background-repeat":"repeat","background-position":"center center","background-size":"auto","background-attachment":"scroll","background-type":"","background-media":"","overlay-type":"","overlay-color":"","overlay-opacity":"","overlay-gradient":""},"mobile":{"background-color":"","background-image":"","background-repeat":"repeat","background-position":"center center","background-size":"auto","background-attachment":"scroll","background-type":"","background-media":"","overlay-type":"","overlay-color":"","overlay-opacity":"","overlay-gradient":""}},"ast-content-background-meta":{"desktop":{"background-color":"var(--ast-global-color-5)","background-image":"","background-repeat":"repeat","background-position":"center center","background-size":"auto","background-attachment":"scroll","background-type":"","background-media":"","overlay-type":"","overlay-color":"","overlay-opacity":"","overlay-gradient":""},"tablet":{"background-color":"var(--ast-global-color-5)","background-image":"","background-repeat":"repeat","background-position":"center center","background-size":"auto","background-attachment":"scroll","background-type":"","background-media":"","overlay-type":"","overlay-color":"","overlay-opacity":"","overlay-gradient":""},"mobile":{"background-color":"var(--ast-global-color-5)","background-image":"","background-repeat":"repeat","background-position":"center center","background-size":"auto","background-attachment":"scroll","background-type":"","background-media":"","overlay-type":"","overlay-color":"","overlay-opacity":"","overlay-gradient":""}},"footnotes":""},"class_list":["post-2402","page","type-page","status-publish","hentry"],"_links":{"self":[{"href":"https:\/\/eleogreece.nl\/de\/wp-json\/wp\/v2\/pages\/2402","targetHints":{"allow":["GET"]}}],"collection":[{"href":"https:\/\/eleogreece.nl\/de\/wp-json\/wp\/v2\/pages"}],"about":[{"href":"https:\/\/eleogreece.nl\/de\/wp-json\/wp\/v2\/types\/page"}],"author":[{"embeddable":true,"href":"https:\/\/eleogreece.nl\/de\/wp-json\/wp\/v2\/users\/1"}],"replies":[{"embeddable":true,"href":"https:\/\/eleogreece.nl\/de\/wp-json\/wp\/v2\/comments?post=2402"}],"version-history":[{"count":3,"href":"https:\/\/eleogreece.nl\/de\/wp-json\/wp\/v2\/pages\/2402\/revisions"}],"predecessor-version":[{"id":4287,"href":"https:\/\/eleogreece.nl\/de\/wp-json\/wp\/v2\/pages\/2402\/revisions\/4287"}],"wp:attachment":[{"href":"https:\/\/eleogreece.nl\/de\/wp-json\/wp\/v2\/media?parent=2402"}],"curies":[{"name":"wp","href":"https:\/\/api.w.org\/{rel}","templated":true}]}}