{"id":2398,"date":"2018-06-19T12:02:22","date_gmt":"2018-06-19T12:02:22","guid":{"rendered":"https:\/\/eleogreece.nl\/datenschutz\/"},"modified":"2023-06-08T15:21:32","modified_gmt":"2023-06-08T15:21:32","slug":"datenschutz","status":"publish","type":"page","link":"https:\/\/eleogreece.nl\/de\/datenschutz\/","title":{"rendered":"Datenschutz"},"content":{"rendered":"\t\t<div data-elementor-type=\"wp-page\" data-elementor-id=\"2398\" class=\"elementor elementor-2398 elementor-249\" data-elementor-post-type=\"page\">\n\t\t\t\t\t\t<section class=\"elementor-section elementor-top-section elementor-element elementor-element-44acfb8 elementor-section-boxed elementor-section-height-default elementor-section-height-default\" data-id=\"44acfb8\" data-element_type=\"section\" data-e-type=\"section\">\n\t\t\t\t\t\t<div class=\"elementor-container elementor-column-gap-default\">\n\t\t\t\t\t<div class=\"elementor-column elementor-col-100 elementor-top-column elementor-element elementor-element-56cbec1\" data-id=\"56cbec1\" data-element_type=\"column\" data-e-type=\"column\">\n\t\t\t<div class=\"elementor-widget-wrap elementor-element-populated\">\n\t\t\t\t\t\t<section class=\"elementor-section elementor-inner-section elementor-element elementor-element-ec13f50 elementor-section-boxed elementor-section-height-default elementor-section-height-default\" data-id=\"ec13f50\" data-element_type=\"section\" data-e-type=\"section\">\n\t\t\t\t\t\t<div class=\"elementor-container elementor-column-gap-default\">\n\t\t\t\t\t<div class=\"elementor-column elementor-col-100 elementor-inner-column elementor-element elementor-element-63ff2d6\" data-id=\"63ff2d6\" data-element_type=\"column\" data-e-type=\"column\">\n\t\t\t<div class=\"elementor-widget-wrap elementor-element-populated\">\n\t\t\t\t\t\t<div class=\"elementor-element elementor-element-580660d elementor-widget elementor-widget-text-editor\" data-id=\"580660d\" data-element_type=\"widget\" data-e-type=\"widget\" data-widget_type=\"text-editor.default\">\n\t\t\t\t<div class=\"elementor-widget-container\">\n\t\t\t\t\t\t\t\t\t<p><span style=\"font-weight: 400;\">Troje V.O.F., firmierend unter den Namen Hellas Food und Eleo, mit Sitz in Maastrichterlaan 25, 6291 EK Vaals, ist f\u00fcr die Verarbeitung personenbezogener Daten gem\u00e4\u00df dieser Datenschutzerkl\u00e4rung verantwortlich.<\/span><\/p><p><span style=\"font-weight: 400;\">Personenbezogene Daten, die wir verarbeiten<\/span><\/p><p><span style=\"font-weight: 400;\">Wir verarbeiten und verwalten Ihre personenbezogenen Daten, weil Sie unsere Dienste nutzen und\/oder weil Sie uns diese selbst zur Verf\u00fcgung stellen.<\/span><\/p><p><span style=\"font-weight: 400;\">Nachfolgend finden Sie eine \u00dcbersicht \u00fcber die von uns verarbeiteten personenbezogenen Daten:<\/span><\/p><p><span style=\"font-weight: 400;\">Vor-und Nachname<br \/><\/span><span style=\"font-weight: 400;\">Adressdaten<br \/><\/span><span style=\"font-weight: 400;\">Telefonnummer<br \/><\/span><span style=\"font-size: 16px; font-weight: 400;\">E-Mail-Addresse<br \/><\/span><span style=\"font-weight: 400;\">Zahlungsdaten (einschlie\u00dflich Kreditkartendaten)<br \/><\/span><span style=\"font-weight: 400;\">Bestellverlauf<\/span><\/p><p><span style=\"font-weight: 400;\">Besondere und\/oder sensible personenbezogene Daten, die wir verarbeiten<\/span><\/p><p><span style=\"font-weight: 400;\">Unsere Website und\/oder unser Dienst beabsichtigt nicht, weitere Daten \u00fcber Website-Besucher zu sammeln. Wenn Sie davon \u00fcberzeugt sind, dass wir personenbezogene Daten ohne diese Erlaubnis erfasst haben, kontaktieren Sie uns bitte unter info@hellasfood.nl und wir werden diese Informationen l\u00f6schen.<\/span><\/p><p><span style=\"font-weight: 400;\">Wir nutzen Ihre personenbezogenen Daten f\u00fcr folgende Zwecke:<\/span><\/p><p><span style=\"font-weight: 400;\">Um Sie anrufen oder Ihnen eine E-Mail senden zu k\u00f6nnen, wenn dies zur Erbringung unserer Dienstleistungen erforderlich ist<\/span><\/p><p><span style=\"font-weight: 400;\">Um Ihnen Waren und Dienstleistungen zu liefern<\/span><\/p><p><span style=\"font-weight: 400;\">Um Sie \u00fcber neue Produkte, Angebote und andere Informationen auf dem Laufenden zu halten.<\/span><\/p><p><span style=\"font-weight: 400;\">Automatisierte Entscheidungsfindung<\/span><\/p><p><span style=\"font-weight: 400;\">Troje V.O.F. trifft keine Entscheidungen auf der Grundlage einer automatisierten Verarbeitung in Angelegenheiten, die (erhebliche) Folgen f\u00fcr Menschen haben k\u00f6nnen. Hierbei handelt es sich um Entscheidungen, die von Computerprogrammen oder -systemen getroffen werden, ohne dass eine Person (z. B. ein Mitarbeiter von Troje V.O.F.) beteiligt ist.<\/span><\/p><p><span style=\"font-weight: 400;\">Troje V.O.F. speichert Ihre personenbezogenen Daten nicht l\u00e4nger als unbedingt erforderlich, um die Zwecke zu erreichen, f\u00fcr die Ihre Daten erhoben werden.<\/span><\/p><p><span style=\"font-weight: 400;\">Weitergabe personenbezogener Daten an Dritte<\/span><\/p><p><span style=\"font-weight: 400;\">Troje V.O.F. verkauft Ihre Daten nicht an Dritte und stellt sie nur dann zur Verf\u00fcgung, wenn dies f\u00fcr die Durchf\u00fchrung unseres Vertrags mit Ihnen oder zur Einhaltung einer gesetzlichen Verpflichtung erforderlich ist. Wir schlie\u00dfen mit Unternehmen, die Ihre Daten in unserem Auftrag verarbeiten, einen Verarbeitungsvertrag ab, um das gleiche Ma\u00df an Sicherheit und Vertraulichkeit Ihrer Daten zu gew\u00e4hrleisten. Troy V.O.F. bleibt f\u00fcr diese Verarbeitungsvorg\u00e4nge verantwortlich.<\/span><\/p><p><span style=\"font-weight: 400;\">Cookies oder \u00e4hnliche Techniken, die wir verwenden<\/span><\/p><p><span style=\"font-weight: 400;\">Troje V.O.F. verwendet ausschlie\u00dflich technische und funktionale Cookies. Ein Cookie ist eine kleine Textdatei, die beim ersten Besuch dieser Website auf Ihrem Computer, Tablet oder Smartphone gespeichert wird. Die von uns verwendeten Cookies sind f\u00fcr den technischen Betrieb der Website und Ihre Benutzerfreundlichkeit erforderlich. Sie sorgen daf\u00fcr, dass die Website ordnungsgem\u00e4\u00df funktioniert und merken sich beispielsweise Ihre bevorzugten Einstellungen. Sie k\u00f6nnen die Verwendung von Cookies ablehnen, indem Sie Ihren Internetbrowser so einstellen, dass er keine Cookies mehr speichert. Dar\u00fcber hinaus k\u00f6nnen Sie \u00fcber die Einstellungen Ihres Browsers auch alle zuvor gespeicherten Informationen l\u00f6schen.<\/span><\/p><p><span style=\"font-weight: 400;\">Daten anzeigen, \u00e4ndern oder l\u00f6schen<\/span><\/p><p><span style=\"font-weight: 400;\">Sie haben das Recht, Ihre personenbezogenen Daten einzusehen, zu korrigieren oder zu l\u00f6schen. Dar\u00fcber hinaus haben Sie das Recht, Ihre Einwilligung zur Datenverarbeitung zu widerrufen oder der Verarbeitung Ihrer personenbezogenen Daten durch Troje V.O.F. zu widersprechen. und Sie haben das Recht auf Daten\u00fcbertragbarkeit.<\/span><\/p><p><span style=\"font-weight: 400;\">Sie k\u00f6nnen einen Antrag auf Zugriff, Berichtigung oder L\u00f6schung Ihrer personenbezogenen Daten an info@hellasfood.nl senden.<\/span><\/p><p><span style=\"font-weight: 400;\">Troje V.O.F. nimmt den Schutz Ihrer Daten ernst und ergreift geeignete Ma\u00dfnahmen, um Missbrauch, Verlust, unbefugten Zugriff, unerw\u00fcnschte Offenlegung und unbefugte \u00c4nderung zu verhindern.<\/span><\/p>\t\t\t\t\t\t\t\t<\/div>\n\t\t\t\t<\/div>\n\t\t\t\t\t<\/div>\n\t\t<\/div>\n\t\t\t\t\t<\/div>\n\t\t<\/section>\n\t\t\t\t\t<\/div>\n\t\t<\/div>\n\t\t\t\t\t<\/div>\n\t\t<\/section>\n\t\t\t\t<\/div>\n\t\t","protected":false},"excerpt":{"rendered":"<p>Troje V.O.F., firmierend unter den Namen Hellas Food und Eleo, mit Sitz in Maastrichterlaan 25, 6291 EK Vaals, ist f\u00fcr die Verarbeitung personenbezogener Daten gem\u00e4\u00df dieser Datenschutzerkl\u00e4rung verantwortlich. Personenbezogene Daten, die wir verarbeiten Wir verarbeiten und verwalten Ihre personenbezogenen Daten, weil Sie unsere Dienste nutzen und\/oder weil Sie uns diese selbst zur Verf\u00fcgung stellen. Nachfolgend [&hellip;]<\/p>\n","protected":false},"author":1,"featured_media":0,"parent":0,"menu_order":0,"comment_status":"closed","ping_status":"closed","template":"","meta":{"site-sidebar-layout":"no-sidebar","site-content-layout":"page-builder","ast-site-content-layout":"default","site-content-style":"default","site-sidebar-style":"default","ast-global-header-display":"","ast-banner-title-visibility":"","ast-main-header-display":"","ast-hfb-above-header-display":"","ast-hfb-below-header-display":"","ast-hfb-mobile-header-display":"","site-post-title":"disabled","ast-breadcrumbs-content":"","ast-featured-img":"disabled","footer-sml-layout":"","ast-disable-related-posts":"","theme-transparent-header-meta":"default","adv-header-id-meta":"","stick-header-meta":"default","header-above-stick-meta":"","header-main-stick-meta":"","header-below-stick-meta":"","astra-migrate-meta-layouts":"default","ast-page-background-enabled":"default","ast-page-background-meta":{"desktop":{"background-color":"","background-image":"","background-repeat":"repeat","background-position":"center center","background-size":"auto","background-attachment":"scroll","background-type":"","background-media":"","overlay-type":"","overlay-color":"","overlay-opacity":"","overlay-gradient":""},"tablet":{"background-color":"","background-image":"","background-repeat":"repeat","background-position":"center center","background-size":"auto","background-attachment":"scroll","background-type":"","background-media":"","overlay-type":"","overlay-color":"","overlay-opacity":"","overlay-gradient":""},"mobile":{"background-color":"","background-image":"","background-repeat":"repeat","background-position":"center center","background-size":"auto","background-attachment":"scroll","background-type":"","background-media":"","overlay-type":"","overlay-color":"","overlay-opacity":"","overlay-gradient":""}},"ast-content-background-meta":{"desktop":{"background-color":"var(--ast-global-color-5)","background-image":"","background-repeat":"repeat","background-position":"center center","background-size":"auto","background-attachment":"scroll","background-type":"","background-media":"","overlay-type":"","overlay-color":"","overlay-opacity":"","overlay-gradient":""},"tablet":{"background-color":"var(--ast-global-color-5)","background-image":"","background-repeat":"repeat","background-position":"center center","background-size":"auto","background-attachment":"scroll","background-type":"","background-media":"","overlay-type":"","overlay-color":"","overlay-opacity":"","overlay-gradient":""},"mobile":{"background-color":"var(--ast-global-color-5)","background-image":"","background-repeat":"repeat","background-position":"center center","background-size":"auto","background-attachment":"scroll","background-type":"","background-media":"","overlay-type":"","overlay-color":"","overlay-opacity":"","overlay-gradient":""}},"footnotes":""},"class_list":["post-2398","page","type-page","status-publish","hentry"],"_links":{"self":[{"href":"https:\/\/eleogreece.nl\/de\/wp-json\/wp\/v2\/pages\/2398","targetHints":{"allow":["GET"]}}],"collection":[{"href":"https:\/\/eleogreece.nl\/de\/wp-json\/wp\/v2\/pages"}],"about":[{"href":"https:\/\/eleogreece.nl\/de\/wp-json\/wp\/v2\/types\/page"}],"author":[{"embeddable":true,"href":"https:\/\/eleogreece.nl\/de\/wp-json\/wp\/v2\/users\/1"}],"replies":[{"embeddable":true,"href":"https:\/\/eleogreece.nl\/de\/wp-json\/wp\/v2\/comments?post=2398"}],"version-history":[{"count":0,"href":"https:\/\/eleogreece.nl\/de\/wp-json\/wp\/v2\/pages\/2398\/revisions"}],"wp:attachment":[{"href":"https:\/\/eleogreece.nl\/de\/wp-json\/wp\/v2\/media?parent=2398"}],"curies":[{"name":"wp","href":"https:\/\/api.w.org\/{rel}","templated":true}]}}