{"id":2386,"date":"2023-04-19T11:16:17","date_gmt":"2023-04-19T11:16:17","guid":{"rendered":"https:\/\/eleogreece.nl\/qualitaet\/"},"modified":"2024-11-12T14:03:08","modified_gmt":"2024-11-12T14:03:08","slug":"qualitaet","status":"publish","type":"page","link":"https:\/\/eleogreece.nl\/de\/qualitaet\/","title":{"rendered":"Qualit\u00e4t"},"content":{"rendered":"\t\t<div data-elementor-type=\"wp-page\" data-elementor-id=\"2386\" class=\"elementor elementor-2386 elementor-2077\" data-elementor-post-type=\"page\">\n\t\t\t\t\t\t<section class=\"elementor-section elementor-top-section elementor-element elementor-element-0106421 elementor-section-full_width elementor-section-stretched elementor-section-height-default elementor-section-height-default\" data-id=\"0106421\" data-element_type=\"section\" data-e-type=\"section\" data-settings=\"{&quot;stretch_section&quot;:&quot;section-stretched&quot;,&quot;background_background&quot;:&quot;classic&quot;}\">\n\t\t\t\t\t\t\t<div class=\"elementor-background-overlay\"><\/div>\n\t\t\t\t\t\t\t<div class=\"elementor-container elementor-column-gap-no\">\n\t\t\t\t\t<div class=\"elementor-column elementor-col-100 elementor-top-column elementor-element elementor-element-9022d72\" data-id=\"9022d72\" data-element_type=\"column\" data-e-type=\"column\">\n\t\t\t<div class=\"elementor-widget-wrap\">\n\t\t\t\t\t\t\t<\/div>\n\t\t<\/div>\n\t\t\t\t\t<\/div>\n\t\t<\/section>\n\t\t\t\t<section class=\"elementor-section elementor-top-section elementor-element elementor-element-a5b4266 elementor-section-boxed elementor-section-height-default elementor-section-height-default\" data-id=\"a5b4266\" data-element_type=\"section\" data-e-type=\"section\">\n\t\t\t\t\t\t<div class=\"elementor-container elementor-column-gap-default\">\n\t\t\t\t\t<div class=\"elementor-column elementor-col-100 elementor-top-column elementor-element elementor-element-367c160\" data-id=\"367c160\" data-element_type=\"column\" data-e-type=\"column\">\n\t\t\t<div class=\"elementor-widget-wrap\">\n\t\t\t\t\t\t\t<\/div>\n\t\t<\/div>\n\t\t\t\t\t<\/div>\n\t\t<\/section>\n\t\t\t\t<section class=\"elementor-section elementor-top-section elementor-element elementor-element-6c51105 elementor-section-full_width elementor-section-stretched elementor-section-height-default elementor-section-height-default\" data-id=\"6c51105\" data-element_type=\"section\" data-e-type=\"section\" data-settings=\"{&quot;stretch_section&quot;:&quot;section-stretched&quot;}\">\n\t\t\t\t\t\t<div class=\"elementor-container elementor-column-gap-default\">\n\t\t\t\t\t<div class=\"elementor-column elementor-col-100 elementor-top-column elementor-element elementor-element-5b2ebb1\" data-id=\"5b2ebb1\" data-element_type=\"column\" data-e-type=\"column\">\n\t\t\t<div class=\"elementor-widget-wrap elementor-element-populated\">\n\t\t\t\t\t\t<div class=\"elementor-element elementor-element-f283b18 elementor-widget elementor-widget-image\" data-id=\"f283b18\" data-element_type=\"widget\" data-e-type=\"widget\" data-widget_type=\"image.default\">\n\t\t\t\t<div class=\"elementor-widget-container\">\n\t\t\t\t\t\t\t\t\t\t\t\t\t\t\t<img fetchpriority=\"high\" decoding=\"async\" width=\"1920\" height=\"360\" src=\"https:\/\/eleogreece.nl\/wp-content\/uploads\/2022\/09\/olijftak-2_Tekengebied-1.png\" class=\"attachment-full size-full wp-image-2245\" alt=\"\" srcset=\"https:\/\/eleogreece.nl\/wp-content\/uploads\/2022\/09\/olijftak-2_Tekengebied-1.png 1920w, https:\/\/eleogreece.nl\/wp-content\/uploads\/2022\/09\/olijftak-2_Tekengebied-1-300x56.png 300w, https:\/\/eleogreece.nl\/wp-content\/uploads\/2022\/09\/olijftak-2_Tekengebied-1-1024x192.png 1024w, https:\/\/eleogreece.nl\/wp-content\/uploads\/2022\/09\/olijftak-2_Tekengebied-1-768x144.png 768w, https:\/\/eleogreece.nl\/wp-content\/uploads\/2022\/09\/olijftak-2_Tekengebied-1-1536x288.png 1536w\" sizes=\"(max-width: 1920px) 100vw, 1920px\" \/>\t\t\t\t\t\t\t\t\t\t\t\t\t\t\t<\/div>\n\t\t\t\t<\/div>\n\t\t\t\t<div class=\"elementor-element elementor-element-fe3fc8c elementor-widget elementor-widget-heading\" data-id=\"fe3fc8c\" data-element_type=\"widget\" data-e-type=\"widget\" data-widget_type=\"heading.default\">\n\t\t\t\t<div class=\"elementor-widget-container\">\n\t\t\t\t\t<h2 class=\"elementor-heading-title elementor-size-default\">Qualit\u00e4t<\/h2>\t\t\t\t<\/div>\n\t\t\t\t<\/div>\n\t\t\t\t<div class=\"elementor-element elementor-element-a908951 elementor-widget elementor-widget-heading\" data-id=\"a908951\" data-element_type=\"widget\" data-e-type=\"widget\" data-widget_type=\"heading.default\">\n\t\t\t\t<div class=\"elementor-widget-container\">\n\t\t\t\t\t<h5 class=\"elementor-heading-title elementor-size-default\">Immer gutes Oliven\u00f6l, wenn man das EU-Qualit\u00e4tssystem kennt<\/h5>\t\t\t\t<\/div>\n\t\t\t\t<\/div>\n\t\t\t\t\t<\/div>\n\t\t<\/div>\n\t\t\t\t\t<\/div>\n\t\t<\/section>\n\t\t\t\t<section class=\"elementor-section elementor-top-section elementor-element elementor-element-a260631 elementor-section-boxed elementor-section-height-default elementor-section-height-default\" data-id=\"a260631\" data-element_type=\"section\" data-e-type=\"section\">\n\t\t\t\t\t\t<div class=\"elementor-container elementor-column-gap-default\">\n\t\t\t\t\t<div class=\"elementor-column elementor-col-50 elementor-top-column elementor-element elementor-element-659ec96\" data-id=\"659ec96\" data-element_type=\"column\" data-e-type=\"column\" data-settings=\"{&quot;background_background&quot;:&quot;classic&quot;}\">\n\t\t\t<div class=\"elementor-widget-wrap elementor-element-populated\">\n\t\t\t\t\t\t<div class=\"elementor-element elementor-element-f28f91e elementor-widget elementor-widget-text-editor\" data-id=\"f28f91e\" data-element_type=\"widget\" data-e-type=\"widget\" data-widget_type=\"text-editor.default\">\n\t\t\t\t<div class=\"elementor-widget-container\">\n\t\t\t\t\t\t\t\t\t<p>QUALIT\u00c4T<\/p><p>Sie k\u00f6nnen die Qualit\u00e4t von Oliven\u00f6l anhand von Farbe, Geruch, Viskosit\u00e4t und Geschmack bestimmen. Und nat\u00fcrlich im Labor. Dort wird insbesondere der S\u00e4uregehalt gemessen. Je niedriger der S\u00e4uregehalt, desto besser das \u00d6l. Und auch umso ges\u00fcnder.<\/p><p>Die Qualit\u00e4t von Oliven\u00f6l wird an seinem S\u00e4uregehalt und Geschmack gemessen. Eine Gruppe akkreditierter Gutachter bewertet den Geschmack (organoleptische Bewertung). Der S\u00e4uregehalt wird in einem unabh\u00e4ngigen Labor gemessen. Dieses Wort kommt von Fetts\u00e4uren, die keinen Geschmack haben, S\u00e4ure hat also nichts mit einem sauren Geschmack zu tun, sondern mit der Menge an ungebundenen Fetts\u00e4uren. Je niedriger der S\u00e4uregehalt, desto h\u00f6her die Qualit\u00e4t. Liegt der S\u00e4uregehalt unter 0,8 % und ist das Geschmackserlebnis ausreichend, dann darf das \u00d6l als \u201eextra virgin\u201c bezeichnet werden.<\/p><h3>Innerhalb der Spitzenklasse von Extra Virgin unterscheiden wir:<\/h3><p>Normales extra vergine (&lt; o,8%)<br \/>Premium extra vergine (&lt; 0,6 %)<br \/>Superior extra vergine (&lt; 0.35 %)<br \/>Exzeptionelles extra vergine (&lt; 0.2%)<\/p>\t\t\t\t\t\t\t\t<\/div>\n\t\t\t\t<\/div>\n\t\t\t\t<div class=\"elementor-element elementor-element-83384a7 elementor-widget elementor-widget-image\" data-id=\"83384a7\" data-element_type=\"widget\" data-e-type=\"widget\" data-widget_type=\"image.default\">\n\t\t\t\t<div class=\"elementor-widget-container\">\n\t\t\t\t\t\t\t\t\t\t\t\t\t\t\t<img decoding=\"async\" width=\"100\" height=\"100\" src=\"https:\/\/eleogreece.nl\/wp-content\/uploads\/2022\/10\/ELEOFavicon.png\" class=\"attachment-large size-large wp-image-2305\" alt=\"\" \/>\t\t\t\t\t\t\t\t\t\t\t\t\t\t\t<\/div>\n\t\t\t\t<\/div>\n\t\t\t\t\t<\/div>\n\t\t<\/div>\n\t\t\t\t<div class=\"elementor-column elementor-col-50 elementor-top-column elementor-element elementor-element-3998bb7\" data-id=\"3998bb7\" data-element_type=\"column\" data-e-type=\"column\">\n\t\t\t<div class=\"elementor-widget-wrap elementor-element-populated\">\n\t\t\t\t\t\t<div class=\"elementor-element elementor-element-561efab elementor-widget elementor-widget-text-editor\" data-id=\"561efab\" data-element_type=\"widget\" data-e-type=\"widget\" data-widget_type=\"text-editor.default\">\n\t\t\t\t<div class=\"elementor-widget-container\">\n\t\t\t\t\t\t\t\t\t<p><a href=\"https:\/\/eleogreece.nl\/wp-content\/uploads\/2023\/04\/assortiment-300x115.jpeg\"><img decoding=\"async\" class=\"alignnone size-medium wp-image-2088\" src=\"https:\/\/eleogreece.nl\/wp-content\/uploads\/2023\/04\/assortiment-300x115.jpeg\" alt=\"\" width=\"300\" height=\"115\" srcset=\"https:\/\/eleogreece.nl\/wp-content\/uploads\/2023\/04\/assortiment-300x115.jpeg 300w, https:\/\/eleogreece.nl\/wp-content\/uploads\/2023\/04\/assortiment-1024x393.jpeg 1024w, https:\/\/eleogreece.nl\/wp-content\/uploads\/2023\/04\/assortiment-768x295.jpeg 768w, https:\/\/eleogreece.nl\/wp-content\/uploads\/2023\/04\/assortiment.jpeg 1331w\" sizes=\"(max-width: 300px) 100vw, 300px\" \/><\/a><\/p><h2>SCHMECKEN<\/h2><p>Neben den objektiven Qualit\u00e4tsindikatoren (normal, premium, superior, au\u00dfergew\u00f6hnlich) ist nat\u00fcrlich auch der Geschmack ein wichtiger Qualit\u00e4tsindikator. Hochwertiges Oliven\u00f6l wird in drei Geschmackskategorien eingeteilt: zart, mittel oder kr\u00e4ftig.<\/p><h3>Zartes Oliven\u00f6l<\/h3><p>Ein zartes Oliven\u00f6l hat einen weichen und buttrigen Geschmack, man merkt in der Nase eine Fruchtigkeit, keinerlei Bitterkeit und einen leicht pfeffrigen Nachgeschmack.<\/p><h3>Mittleres Oliven\u00f6l<\/h3><p>Ein mittleres EVOO bietet einen fruchtigen Geschmack, einen grasigen Duft und einen pfeffrigen oder w\u00fcrzigen Nachgeschmack.<\/p><h3>Robustes Oliven\u00f6l<\/h3><p><br \/>Ein kr\u00e4ftiges Oliven\u00f6l bietet einen kr\u00e4ftigen Geschmack, eine ausgewogene Bitterkeit und einen sehr ausgepr\u00e4gten pfeffrigen Abgang. Au\u00dferdem genie\u00dfen Sie mit diesem \u00d6l einen fruchtigen Duft in der Nase.<\/p>\t\t\t\t\t\t\t\t<\/div>\n\t\t\t\t<\/div>\n\t\t\t\t\t<\/div>\n\t\t<\/div>\n\t\t\t\t\t<\/div>\n\t\t<\/section>\n\t\t\t\t<\/div>\n\t\t","protected":false},"excerpt":{"rendered":"<p>Qualit\u00e4t Immer gutes Oliven\u00f6l, wenn man das EU-Qualit\u00e4tssystem kennt QUALIT\u00c4T Sie k\u00f6nnen die Qualit\u00e4t von Oliven\u00f6l anhand von Farbe, Geruch, Viskosit\u00e4t und Geschmack bestimmen. Und nat\u00fcrlich im Labor. Dort wird insbesondere der S\u00e4uregehalt gemessen. Je niedriger der S\u00e4uregehalt, desto besser das \u00d6l. Und auch umso ges\u00fcnder. Die Qualit\u00e4t von Oliven\u00f6l wird an seinem S\u00e4uregehalt und [&hellip;]<\/p>\n","protected":false},"author":1,"featured_media":2333,"parent":0,"menu_order":0,"comment_status":"closed","ping_status":"closed","template":"elementor_header_footer","meta":{"site-sidebar-layout":"no-sidebar","site-content-layout":"page-builder","ast-site-content-layout":"default","site-content-style":"default","site-sidebar-style":"default","ast-global-header-display":"","ast-banner-title-visibility":"","ast-main-header-display":"","ast-hfb-above-header-display":"","ast-hfb-below-header-display":"","ast-hfb-mobile-header-display":"","site-post-title":"disabled","ast-breadcrumbs-content":"","ast-featured-img":"disabled","footer-sml-layout":"","ast-disable-related-posts":"","theme-transparent-header-meta":"","adv-header-id-meta":"","stick-header-meta":"","header-above-stick-meta":"","header-main-stick-meta":"","header-below-stick-meta":"","astra-migrate-meta-layouts":"default","ast-page-background-enabled":"default","ast-page-background-meta":{"desktop":{"background-color":"","background-image":"","background-repeat":"repeat","background-position":"center center","background-size":"auto","background-attachment":"scroll","background-type":"","background-media":"","overlay-type":"","overlay-color":"","overlay-opacity":"","overlay-gradient":""},"tablet":{"background-color":"","background-image":"","background-repeat":"repeat","background-position":"center center","background-size":"auto","background-attachment":"scroll","background-type":"","background-media":"","overlay-type":"","overlay-color":"","overlay-opacity":"","overlay-gradient":""},"mobile":{"background-color":"","background-image":"","background-repeat":"repeat","background-position":"center center","background-size":"auto","background-attachment":"scroll","background-type":"","background-media":"","overlay-type":"","overlay-color":"","overlay-opacity":"","overlay-gradient":""}},"ast-content-background-meta":{"desktop":{"background-color":"var(--ast-global-color-5)","background-image":"","background-repeat":"repeat","background-position":"center center","background-size":"auto","background-attachment":"scroll","background-type":"","background-media":"","overlay-type":"","overlay-color":"","overlay-opacity":"","overlay-gradient":""},"tablet":{"background-color":"var(--ast-global-color-5)","background-image":"","background-repeat":"repeat","background-position":"center center","background-size":"auto","background-attachment":"scroll","background-type":"","background-media":"","overlay-type":"","overlay-color":"","overlay-opacity":"","overlay-gradient":""},"mobile":{"background-color":"var(--ast-global-color-5)","background-image":"","background-repeat":"repeat","background-position":"center center","background-size":"auto","background-attachment":"scroll","background-type":"","background-media":"","overlay-type":"","overlay-color":"","overlay-opacity":"","overlay-gradient":""}},"footnotes":""},"class_list":["post-2386","page","type-page","status-publish","has-post-thumbnail","hentry"],"_links":{"self":[{"href":"https:\/\/eleogreece.nl\/de\/wp-json\/wp\/v2\/pages\/2386","targetHints":{"allow":["GET"]}}],"collection":[{"href":"https:\/\/eleogreece.nl\/de\/wp-json\/wp\/v2\/pages"}],"about":[{"href":"https:\/\/eleogreece.nl\/de\/wp-json\/wp\/v2\/types\/page"}],"author":[{"embeddable":true,"href":"https:\/\/eleogreece.nl\/de\/wp-json\/wp\/v2\/users\/1"}],"replies":[{"embeddable":true,"href":"https:\/\/eleogreece.nl\/de\/wp-json\/wp\/v2\/comments?post=2386"}],"version-history":[{"count":3,"href":"https:\/\/eleogreece.nl\/de\/wp-json\/wp\/v2\/pages\/2386\/revisions"}],"predecessor-version":[{"id":4275,"href":"https:\/\/eleogreece.nl\/de\/wp-json\/wp\/v2\/pages\/2386\/revisions\/4275"}],"wp:featuredmedia":[{"embeddable":true,"href":"https:\/\/eleogreece.nl\/de\/wp-json\/wp\/v2\/media\/2333"}],"wp:attachment":[{"href":"https:\/\/eleogreece.nl\/de\/wp-json\/wp\/v2\/media?parent=2386"}],"curies":[{"name":"wp","href":"https:\/\/api.w.org\/{rel}","templated":true}]}}