{"id":2382,"date":"2022-11-24T12:03:04","date_gmt":"2022-11-24T12:03:04","guid":{"rendered":"https:\/\/eleogreece.nl\/oliven-sorten\/"},"modified":"2024-11-12T14:07:20","modified_gmt":"2024-11-12T14:07:20","slug":"oliven-sorten","status":"publish","type":"page","link":"https:\/\/eleogreece.nl\/de\/oliven-sorten\/","title":{"rendered":"Oliven Sorten"},"content":{"rendered":"\t\t<div data-elementor-type=\"wp-page\" data-elementor-id=\"2382\" class=\"elementor elementor-2382 elementor-1721\" data-elementor-post-type=\"page\">\n\t\t\t\t\t\t<section class=\"elementor-section elementor-top-section elementor-element elementor-element-0106421 elementor-section-full_width elementor-section-stretched elementor-section-height-default elementor-section-height-default\" data-id=\"0106421\" data-element_type=\"section\" data-e-type=\"section\" data-settings=\"{&quot;stretch_section&quot;:&quot;section-stretched&quot;,&quot;background_background&quot;:&quot;classic&quot;}\">\n\t\t\t\t\t\t\t<div class=\"elementor-background-overlay\"><\/div>\n\t\t\t\t\t\t\t<div class=\"elementor-container elementor-column-gap-no\">\n\t\t\t\t\t<div class=\"elementor-column elementor-col-100 elementor-top-column elementor-element elementor-element-9022d72\" data-id=\"9022d72\" data-element_type=\"column\" data-e-type=\"column\">\n\t\t\t<div class=\"elementor-widget-wrap\">\n\t\t\t\t\t\t\t<\/div>\n\t\t<\/div>\n\t\t\t\t\t<\/div>\n\t\t<\/section>\n\t\t\t\t<section class=\"elementor-section elementor-top-section elementor-element elementor-element-a5b4266 elementor-section-boxed elementor-section-height-default elementor-section-height-default\" data-id=\"a5b4266\" data-element_type=\"section\" data-e-type=\"section\">\n\t\t\t\t\t\t<div class=\"elementor-container elementor-column-gap-default\">\n\t\t\t\t\t<div class=\"elementor-column elementor-col-100 elementor-top-column elementor-element elementor-element-367c160\" data-id=\"367c160\" data-element_type=\"column\" data-e-type=\"column\">\n\t\t\t<div class=\"elementor-widget-wrap\">\n\t\t\t\t\t\t\t<\/div>\n\t\t<\/div>\n\t\t\t\t\t<\/div>\n\t\t<\/section>\n\t\t\t\t<section class=\"elementor-section elementor-top-section elementor-element elementor-element-6c51105 elementor-section-full_width elementor-section-stretched elementor-section-height-default elementor-section-height-default\" data-id=\"6c51105\" data-element_type=\"section\" data-e-type=\"section\" data-settings=\"{&quot;stretch_section&quot;:&quot;section-stretched&quot;}\">\n\t\t\t\t\t\t<div class=\"elementor-container elementor-column-gap-default\">\n\t\t\t\t\t<div class=\"elementor-column elementor-col-100 elementor-top-column elementor-element elementor-element-5b2ebb1\" data-id=\"5b2ebb1\" data-element_type=\"column\" data-e-type=\"column\">\n\t\t\t<div class=\"elementor-widget-wrap elementor-element-populated\">\n\t\t\t\t\t\t<div class=\"elementor-element elementor-element-f283b18 elementor-widget elementor-widget-image\" data-id=\"f283b18\" data-element_type=\"widget\" data-e-type=\"widget\" data-widget_type=\"image.default\">\n\t\t\t\t<div class=\"elementor-widget-container\">\n\t\t\t\t\t\t\t\t\t\t\t\t\t\t\t<img fetchpriority=\"high\" decoding=\"async\" width=\"1920\" height=\"360\" src=\"https:\/\/eleogreece.nl\/wp-content\/uploads\/2022\/09\/olijftak-2_Tekengebied-1.png\" class=\"attachment-full size-full wp-image-2245\" alt=\"\" srcset=\"https:\/\/eleogreece.nl\/wp-content\/uploads\/2022\/09\/olijftak-2_Tekengebied-1.png 1920w, https:\/\/eleogreece.nl\/wp-content\/uploads\/2022\/09\/olijftak-2_Tekengebied-1-300x56.png 300w, https:\/\/eleogreece.nl\/wp-content\/uploads\/2022\/09\/olijftak-2_Tekengebied-1-1024x192.png 1024w, https:\/\/eleogreece.nl\/wp-content\/uploads\/2022\/09\/olijftak-2_Tekengebied-1-768x144.png 768w, https:\/\/eleogreece.nl\/wp-content\/uploads\/2022\/09\/olijftak-2_Tekengebied-1-1536x288.png 1536w\" sizes=\"(max-width: 1920px) 100vw, 1920px\" \/>\t\t\t\t\t\t\t\t\t\t\t\t\t\t\t<\/div>\n\t\t\t\t<\/div>\n\t\t\t\t<div class=\"elementor-element elementor-element-5861ddd elementor-widget elementor-widget-heading\" data-id=\"5861ddd\" data-element_type=\"widget\" data-e-type=\"widget\" data-widget_type=\"heading.default\">\n\t\t\t\t<div class=\"elementor-widget-container\">\n\t\t\t\t\t<h2 class=\"elementor-heading-title elementor-size-default\">Olivensorten<\/h2>\t\t\t\t<\/div>\n\t\t\t\t<\/div>\n\t\t\t\t\t<\/div>\n\t\t<\/div>\n\t\t\t\t\t<\/div>\n\t\t<\/section>\n\t\t\t\t<section class=\"elementor-section elementor-top-section elementor-element elementor-element-ca49cc9 elementor-section-boxed elementor-section-height-default elementor-section-height-default\" data-id=\"ca49cc9\" data-element_type=\"section\" data-e-type=\"section\">\n\t\t\t\t\t\t<div class=\"elementor-container elementor-column-gap-default\">\n\t\t\t\t\t<div class=\"elementor-column elementor-col-50 elementor-top-column elementor-element elementor-element-44810f8\" data-id=\"44810f8\" data-element_type=\"column\" data-e-type=\"column\">\n\t\t\t<div class=\"elementor-widget-wrap elementor-element-populated\">\n\t\t\t\t\t\t<div class=\"elementor-element elementor-element-90da161 elementor-widget elementor-widget-text-editor\" data-id=\"90da161\" data-element_type=\"widget\" data-e-type=\"widget\" data-widget_type=\"text-editor.default\">\n\t\t\t\t<div class=\"elementor-widget-container\">\n\t\t\t\t\t\t\t\t\t<p>In Griechenland gibt es \u00fcber 60 Sorten (und weltweit 139). Kalamata-Oliven sind die bekanntesten. Wenn Menschen au\u00dferhalb Griechenlands dar\u00fcber nachdenken, was griechische Oliven sind, stellen sie sich genau das vor. Was Tafeloliven betrifft, so sind diese ebenso verbreitet wie k\u00f6stlich. Diese Olivenb\u00e4ume wachsen in der Region Kalamata in Griechenland. In derselben Region und auf dem angrenzenden Peloponnes w\u00e4chst Koroneiki reichlich und wird f\u00fcr viele Arten von Oliven\u00f6l verwendet.<\/p><p>Doch es gibt noch mehr Sorten. F\u00fcr unser medizinisches Oliven\u00f6l \u201eNike\u201c verwenden wir Picual-Oliven.<\/p>\t\t\t\t\t\t\t\t<\/div>\n\t\t\t\t<\/div>\n\t\t\t\t<div class=\"elementor-element elementor-element-97cb936 elementor-widget elementor-widget-image\" data-id=\"97cb936\" data-element_type=\"widget\" data-e-type=\"widget\" data-widget_type=\"image.default\">\n\t\t\t\t<div class=\"elementor-widget-container\">\n\t\t\t\t\t\t\t\t\t\t\t\t\t\t\t<img decoding=\"async\" width=\"720\" height=\"480\" src=\"https:\/\/eleogreece.nl\/wp-content\/uploads\/2023\/06\/Koroneiki-olives.jpg\" class=\"attachment-large size-large wp-image-2492\" alt=\"\" srcset=\"https:\/\/eleogreece.nl\/wp-content\/uploads\/2023\/06\/Koroneiki-olives.jpg 720w, https:\/\/eleogreece.nl\/wp-content\/uploads\/2023\/06\/Koroneiki-olives-300x200.jpg 300w\" sizes=\"(max-width: 720px) 100vw, 720px\" \/>\t\t\t\t\t\t\t\t\t\t\t\t\t\t\t<\/div>\n\t\t\t\t<\/div>\n\t\t\t\t\t<\/div>\n\t\t<\/div>\n\t\t\t\t<div class=\"elementor-column elementor-col-50 elementor-top-column elementor-element elementor-element-02f137c\" data-id=\"02f137c\" data-element_type=\"column\" data-e-type=\"column\">\n\t\t\t<div class=\"elementor-widget-wrap elementor-element-populated\">\n\t\t\t\t\t\t<div class=\"elementor-element elementor-element-4239352 elementor-widget elementor-widget-heading\" data-id=\"4239352\" data-element_type=\"widget\" data-e-type=\"widget\" data-widget_type=\"heading.default\">\n\t\t\t\t<div class=\"elementor-widget-container\">\n\t\t\t\t\t<h4 class=\"elementor-heading-title elementor-size-default\">Reich an Vitamin E und Polyphenolen<\/h4>\t\t\t\t<\/div>\n\t\t\t\t<\/div>\n\t\t\t\t<div class=\"elementor-element elementor-element-9c19402 elementor-widget elementor-widget-text-editor\" data-id=\"9c19402\" data-element_type=\"widget\" data-e-type=\"widget\" data-widget_type=\"text-editor.default\">\n\t\t\t\t<div class=\"elementor-widget-container\">\n\t\t\t\t\t\t\t\t\t<p>\u00a0<\/p><p>Die Koroneiki ist eine kleine, feste Olive, die f\u00fcr ihre Fruchtigkeit bekannt ist. Die Oliven werden von Hand gepfl\u00fcckt und in K\u00f6rben direkt zur M\u00fchle transportiert. In der ersten und einzigen Kaltpressung entsteht innerhalb weniger Stunden das hochwertige native Oliven\u00f6l extra mit fein fruchtigem und zartem Geschmack.<\/p>\t\t\t\t\t\t\t\t<\/div>\n\t\t\t\t<\/div>\n\t\t\t\t<div class=\"elementor-element elementor-element-776e192 elementor-widget elementor-widget-heading\" data-id=\"776e192\" data-element_type=\"widget\" data-e-type=\"widget\" data-widget_type=\"heading.default\">\n\t\t\t\t<div class=\"elementor-widget-container\">\n\t\t\t\t\t<h4 class=\"elementor-heading-title elementor-size-default\">S\u00e4uregehalt<\/h4>\t\t\t\t<\/div>\n\t\t\t\t<\/div>\n\t\t\t\t<div class=\"elementor-element elementor-element-f087173 elementor-widget elementor-widget-text-editor\" data-id=\"f087173\" data-element_type=\"widget\" data-e-type=\"widget\" data-widget_type=\"text-editor.default\">\n\t\t\t\t<div class=\"elementor-widget-container\">\n\t\t\t\t\t\t\t\t\t<p style=\"border-style: solid; border-color: #333333; -webkit-font-smoothing: antialiased; margin-bottom: 0px; -webkit-tap-highlight-color: transparent; color: #445b4b; font-family: 'Roboto Mono'; font-size: 18px; font-style: normal; font-weight: 300; letter-spacing: normal; line-height: 1.5;\">Der extrem niedrige S\u00e4uregehalt (in allen F\u00e4llen unter 0,35 % und oft deutlich darunter (Details siehe Produktsortiment)) zeigt, dass im \u00d6l nahezu keine ungebundenen Fetts\u00e4uren enthalten sind. Ein eindeutigeres Qualit\u00e4tszeichen f\u00fcr Oliven\u00f6l gibt es nicht!<\/p>\t\t\t\t\t\t\t\t<\/div>\n\t\t\t\t<\/div>\n\t\t\t\t\t<\/div>\n\t\t<\/div>\n\t\t\t\t\t<\/div>\n\t\t<\/section>\n\t\t\t\t<\/div>\n\t\t","protected":false},"excerpt":{"rendered":"<p>Olivensorten In Griechenland gibt es \u00fcber 60 Sorten (und weltweit 139). Kalamata-Oliven sind die bekanntesten. Wenn Menschen au\u00dferhalb Griechenlands dar\u00fcber nachdenken, was griechische Oliven sind, stellen sie sich genau das vor. Was Tafeloliven betrifft, so sind diese ebenso verbreitet wie k\u00f6stlich. Diese Olivenb\u00e4ume wachsen in der Region Kalamata in Griechenland. In derselben Region und auf [&hellip;]<\/p>\n","protected":false},"author":1,"featured_media":0,"parent":0,"menu_order":0,"comment_status":"closed","ping_status":"closed","template":"","meta":{"site-sidebar-layout":"no-sidebar","site-content-layout":"page-builder","ast-site-content-layout":"default","site-content-style":"default","site-sidebar-style":"default","ast-global-header-display":"","ast-banner-title-visibility":"","ast-main-header-display":"","ast-hfb-above-header-display":"","ast-hfb-below-header-display":"","ast-hfb-mobile-header-display":"","site-post-title":"disabled","ast-breadcrumbs-content":"","ast-featured-img":"disabled","footer-sml-layout":"","ast-disable-related-posts":"","theme-transparent-header-meta":"","adv-header-id-meta":"","stick-header-meta":"","header-above-stick-meta":"","header-main-stick-meta":"","header-below-stick-meta":"","astra-migrate-meta-layouts":"default","ast-page-background-enabled":"default","ast-page-background-meta":{"desktop":{"background-color":"","background-image":"","background-repeat":"repeat","background-position":"center center","background-size":"auto","background-attachment":"scroll","background-type":"","background-media":"","overlay-type":"","overlay-color":"","overlay-opacity":"","overlay-gradient":""},"tablet":{"background-color":"","background-image":"","background-repeat":"repeat","background-position":"center center","background-size":"auto","background-attachment":"scroll","background-type":"","background-media":"","overlay-type":"","overlay-color":"","overlay-opacity":"","overlay-gradient":""},"mobile":{"background-color":"","background-image":"","background-repeat":"repeat","background-position":"center center","background-size":"auto","background-attachment":"scroll","background-type":"","background-media":"","overlay-type":"","overlay-color":"","overlay-opacity":"","overlay-gradient":""}},"ast-content-background-meta":{"desktop":{"background-color":"var(--ast-global-color-5)","background-image":"","background-repeat":"repeat","background-position":"center center","background-size":"auto","background-attachment":"scroll","background-type":"","background-media":"","overlay-type":"","overlay-color":"","overlay-opacity":"","overlay-gradient":""},"tablet":{"background-color":"var(--ast-global-color-5)","background-image":"","background-repeat":"repeat","background-position":"center center","background-size":"auto","background-attachment":"scroll","background-type":"","background-media":"","overlay-type":"","overlay-color":"","overlay-opacity":"","overlay-gradient":""},"mobile":{"background-color":"var(--ast-global-color-5)","background-image":"","background-repeat":"repeat","background-position":"center center","background-size":"auto","background-attachment":"scroll","background-type":"","background-media":"","overlay-type":"","overlay-color":"","overlay-opacity":"","overlay-gradient":""}},"footnotes":""},"class_list":["post-2382","page","type-page","status-publish","hentry"],"_links":{"self":[{"href":"https:\/\/eleogreece.nl\/de\/wp-json\/wp\/v2\/pages\/2382","targetHints":{"allow":["GET"]}}],"collection":[{"href":"https:\/\/eleogreece.nl\/de\/wp-json\/wp\/v2\/pages"}],"about":[{"href":"https:\/\/eleogreece.nl\/de\/wp-json\/wp\/v2\/types\/page"}],"author":[{"embeddable":true,"href":"https:\/\/eleogreece.nl\/de\/wp-json\/wp\/v2\/users\/1"}],"replies":[{"embeddable":true,"href":"https:\/\/eleogreece.nl\/de\/wp-json\/wp\/v2\/comments?post=2382"}],"version-history":[{"count":6,"href":"https:\/\/eleogreece.nl\/de\/wp-json\/wp\/v2\/pages\/2382\/revisions"}],"predecessor-version":[{"id":4284,"href":"https:\/\/eleogreece.nl\/de\/wp-json\/wp\/v2\/pages\/2382\/revisions\/4284"}],"wp:attachment":[{"href":"https:\/\/eleogreece.nl\/de\/wp-json\/wp\/v2\/media?parent=2382"}],"curies":[{"name":"wp","href":"https:\/\/api.w.org\/{rel}","templated":true}]}}