{"id":2370,"date":"2023-06-01T12:57:58","date_gmt":"2023-06-01T12:57:58","guid":{"rendered":"https:\/\/eleogreece.nl\/produktauswahl\/gys-ergon\/"},"modified":"2024-11-12T14:16:03","modified_gmt":"2024-11-12T14:16:03","slug":"gys-ergon","status":"publish","type":"page","link":"https:\/\/eleogreece.nl\/de\/produktauswahl\/gys-ergon\/","title":{"rendered":"Gys Ergon"},"content":{"rendered":"\t\t<div data-elementor-type=\"wp-page\" data-elementor-id=\"2370\" class=\"elementor elementor-2370 elementor-2337\" data-elementor-post-type=\"page\">\n\t\t\t\t\t\t<section class=\"elementor-section elementor-top-section elementor-element elementor-element-0106421 elementor-section-full_width elementor-section-stretched elementor-section-height-default elementor-section-height-default\" data-id=\"0106421\" data-element_type=\"section\" data-e-type=\"section\" data-settings=\"{&quot;stretch_section&quot;:&quot;section-stretched&quot;,&quot;background_background&quot;:&quot;classic&quot;}\">\n\t\t\t\t\t\t\t<div class=\"elementor-background-overlay\"><\/div>\n\t\t\t\t\t\t\t<div class=\"elementor-container elementor-column-gap-no\">\n\t\t\t\t\t<div class=\"elementor-column elementor-col-100 elementor-top-column elementor-element elementor-element-9022d72\" data-id=\"9022d72\" data-element_type=\"column\" data-e-type=\"column\">\n\t\t\t<div class=\"elementor-widget-wrap\">\n\t\t\t\t\t\t\t<\/div>\n\t\t<\/div>\n\t\t\t\t\t<\/div>\n\t\t<\/section>\n\t\t\t\t<section class=\"elementor-section elementor-top-section elementor-element elementor-element-a5b4266 elementor-section-boxed elementor-section-height-default elementor-section-height-default\" data-id=\"a5b4266\" data-element_type=\"section\" data-e-type=\"section\">\n\t\t\t\t\t\t<div class=\"elementor-container elementor-column-gap-default\">\n\t\t\t\t\t<div class=\"elementor-column elementor-col-100 elementor-top-column elementor-element elementor-element-367c160\" data-id=\"367c160\" data-element_type=\"column\" data-e-type=\"column\">\n\t\t\t<div class=\"elementor-widget-wrap\">\n\t\t\t\t\t\t\t<\/div>\n\t\t<\/div>\n\t\t\t\t\t<\/div>\n\t\t<\/section>\n\t\t\t\t<section class=\"elementor-section elementor-top-section elementor-element elementor-element-6c51105 elementor-section-full_width elementor-section-stretched elementor-section-height-default elementor-section-height-default\" data-id=\"6c51105\" data-element_type=\"section\" data-e-type=\"section\" data-settings=\"{&quot;stretch_section&quot;:&quot;section-stretched&quot;}\">\n\t\t\t\t\t\t<div class=\"elementor-container elementor-column-gap-default\">\n\t\t\t\t\t<div class=\"elementor-column elementor-col-100 elementor-top-column elementor-element elementor-element-5b2ebb1\" data-id=\"5b2ebb1\" data-element_type=\"column\" data-e-type=\"column\">\n\t\t\t<div class=\"elementor-widget-wrap elementor-element-populated\">\n\t\t\t\t\t\t<div class=\"elementor-element elementor-element-f283b18 elementor-widget elementor-widget-image\" data-id=\"f283b18\" data-element_type=\"widget\" data-e-type=\"widget\" data-widget_type=\"image.default\">\n\t\t\t\t<div class=\"elementor-widget-container\">\n\t\t\t\t\t\t\t\t\t\t\t\t\t\t\t<img fetchpriority=\"high\" decoding=\"async\" width=\"1920\" height=\"360\" src=\"https:\/\/eleogreece.nl\/wp-content\/uploads\/2022\/09\/olijftak-2_Tekengebied-1.png\" class=\"attachment-full size-full wp-image-2245\" alt=\"\" srcset=\"https:\/\/eleogreece.nl\/wp-content\/uploads\/2022\/09\/olijftak-2_Tekengebied-1.png 1920w, https:\/\/eleogreece.nl\/wp-content\/uploads\/2022\/09\/olijftak-2_Tekengebied-1-300x56.png 300w, https:\/\/eleogreece.nl\/wp-content\/uploads\/2022\/09\/olijftak-2_Tekengebied-1-1024x192.png 1024w, https:\/\/eleogreece.nl\/wp-content\/uploads\/2022\/09\/olijftak-2_Tekengebied-1-768x144.png 768w, https:\/\/eleogreece.nl\/wp-content\/uploads\/2022\/09\/olijftak-2_Tekengebied-1-1536x288.png 1536w\" sizes=\"(max-width: 1920px) 100vw, 1920px\" \/>\t\t\t\t\t\t\t\t\t\t\t\t\t\t\t<\/div>\n\t\t\t\t<\/div>\n\t\t\t\t<div class=\"elementor-element elementor-element-1292777 elementor-widget elementor-widget-heading\" data-id=\"1292777\" data-element_type=\"widget\" data-e-type=\"widget\" data-widget_type=\"heading.default\">\n\t\t\t\t<div class=\"elementor-widget-container\">\n\t\t\t\t\t<h2 class=\"elementor-heading-title elementor-size-default\">ELEO Gys Ergon BIO<\/h2>\t\t\t\t<\/div>\n\t\t\t\t<\/div>\n\t\t\t\t\t<\/div>\n\t\t<\/div>\n\t\t\t\t\t<\/div>\n\t\t<\/section>\n\t\t\t\t<section class=\"elementor-section elementor-top-section elementor-element elementor-element-3980315 elementor-section-boxed elementor-section-height-default elementor-section-height-default\" data-id=\"3980315\" data-element_type=\"section\" data-e-type=\"section\">\n\t\t\t\t\t\t<div class=\"elementor-container elementor-column-gap-default\">\n\t\t\t\t\t<div class=\"elementor-column elementor-col-33 elementor-top-column elementor-element elementor-element-6bb4f02\" data-id=\"6bb4f02\" data-element_type=\"column\" data-e-type=\"column\">\n\t\t\t<div class=\"elementor-widget-wrap elementor-element-populated\">\n\t\t\t\t\t\t<div class=\"elementor-element elementor-element-a745453 elementor-widget elementor-widget-image\" data-id=\"a745453\" data-element_type=\"widget\" data-e-type=\"widget\" data-widget_type=\"image.default\">\n\t\t\t\t<div class=\"elementor-widget-container\">\n\t\t\t\t\t\t\t\t\t\t\t\t\t\t\t\t<a href=\"https:\/\/www.hellasfood.nl\/product\/eleo-premium-excellent-750-ml\/\" target=\"_blank\" rel=\"noopener noreferrer nofollow\">\n\t\t\t\t\t\t\t<img decoding=\"async\" width=\"500\" height=\"525\" src=\"https:\/\/eleogreece.nl\/wp-content\/uploads\/2023\/07\/captures_chrome-capture-2023-6-12-1.png\" class=\"attachment-medium_large size-medium_large wp-image-2740\" alt=\"\" srcset=\"https:\/\/eleogreece.nl\/wp-content\/uploads\/2023\/07\/captures_chrome-capture-2023-6-12-1.png 500w, https:\/\/eleogreece.nl\/wp-content\/uploads\/2023\/07\/captures_chrome-capture-2023-6-12-1-286x300.png 286w\" sizes=\"(max-width: 500px) 100vw, 500px\" \/>\t\t\t\t\t\t\t\t<\/a>\n\t\t\t\t\t\t\t\t\t\t\t\t\t\t\t<\/div>\n\t\t\t\t<\/div>\n\t\t\t\t\t<\/div>\n\t\t<\/div>\n\t\t\t\t<div class=\"elementor-column elementor-col-33 elementor-top-column elementor-element elementor-element-53391ee\" data-id=\"53391ee\" data-element_type=\"column\" data-e-type=\"column\">\n\t\t\t<div class=\"elementor-widget-wrap\">\n\t\t\t\t\t\t\t<\/div>\n\t\t<\/div>\n\t\t\t\t<div class=\"elementor-column elementor-col-33 elementor-top-column elementor-element elementor-element-9084945\" data-id=\"9084945\" data-element_type=\"column\" data-e-type=\"column\" data-settings=\"{&quot;background_background&quot;:&quot;classic&quot;}\">\n\t\t\t<div class=\"elementor-widget-wrap elementor-element-populated\">\n\t\t\t\t\t\t<div class=\"elementor-element elementor-element-38f9c5b elementor-widget elementor-widget-heading\" data-id=\"38f9c5b\" data-element_type=\"widget\" data-e-type=\"widget\" data-widget_type=\"heading.default\">\n\t\t\t\t<div class=\"elementor-widget-container\">\n\t\t\t\t\t<h2 class=\"elementor-heading-title elementor-size-default\">ELEO Gys Ergon<br>\nBio-Oliven\u00f6l 750 ml<br>\nSuperieure Qualit\u00e4t<br>\nZarter Geschmack<\/h2>\t\t\t\t<\/div>\n\t\t\t\t<\/div>\n\t\t\t\t<div class=\"elementor-element elementor-element-a0d1119 elementor-widget elementor-widget-text-editor\" data-id=\"a0d1119\" data-element_type=\"widget\" data-e-type=\"widget\" data-widget_type=\"text-editor.default\">\n\t\t\t\t<div class=\"elementor-widget-container\">\n\t\t\t\t\t\t\t\t\t<p>Gibt es Bio-Oliven\u00f6l von h\u00f6chster Qualit\u00e4t? Ja! Eleo Gys Ergon ist ein erstklassiges Extra Virgin. Der angenehme Geruch, der samtige, zarte Geschmack, der leicht pfeffrige Nachgeschmack: Dies ist ein \u00d6l, das Sie jeden Tag \u00fcber jedem Gericht verwenden m\u00f6chten.<\/p><p>Die Familie Adamopoulos produziert seit Jahrhunderten hochwertiges Oliven\u00f6l. Seit zehn Jahren wird auf biologische Produktionsmethoden umgestellt. Sie konnten die hohe Qualit\u00e4t ihres \u00d6ls mit den Anforderungen des Bio-Zertifikats vereinen. Auch die Messungen belegen, dass dieses \u00d6l von h\u00f6chster Qualit\u00e4t ist: Weniger als 0,4 % des Gehalts bestehen aus ungebundenen Fetts\u00e4uren.<\/p><p>Dieses Oliven\u00f6l enth\u00e4lt viele Polyphenole und Antioxidantien. Das macht dieses \u00d6l supergesund, mit positiven Eigenschaften f\u00fcr Herz und Blutgef\u00e4\u00dfe, Nervensystem, Gehirn und die Funktion Ihres Immunsystems. Gys Ergon Oliven\u00f6l extra vergine ist 100 % nat\u00fcrlich und nat\u00fcrlich kaltgepresst. Das ultimative Gew\u00fcrz f\u00fcr jede Mahlzeit!<\/p><p>\u2713 Direkt vom Bauern<br \/>\u2713 Bio-zertifiziert<br \/>\u2713 \u00dcberragende Qualit\u00e4t<br \/>\u2713\u00a0Super gesund<br \/>\u2713 \u00c4u\u00dferst lecker<\/p>\t\t\t\t\t\t\t\t<\/div>\n\t\t\t\t<\/div>\n\t\t\t\t<div class=\"elementor-element elementor-element-bb808fb elementor-align-right elementor-widget elementor-widget-button\" data-id=\"bb808fb\" data-element_type=\"widget\" data-e-type=\"widget\" data-widget_type=\"button.default\">\n\t\t\t\t<div class=\"elementor-widget-container\">\n\t\t\t\t\t\t\t\t\t<div class=\"elementor-button-wrapper\">\n\t\t\t\t\t<a class=\"elementor-button elementor-button-link elementor-size-sm\" href=\"https:\/\/www.hellasfood.nl\/product\/gys-ergon\" target=\"_blank\" rel=\"noopener noreferrer nofollow\">\n\t\t\t\t\t\t<span class=\"elementor-button-content-wrapper\">\n\t\t\t\t\t\t\t\t\t<span class=\"elementor-button-text\">Klicken Sie hier, um zu bestellen<\/span>\n\t\t\t\t\t<\/span>\n\t\t\t\t\t<\/a>\n\t\t\t\t<\/div>\n\t\t\t\t\t\t\t\t<\/div>\n\t\t\t\t<\/div>\n\t\t\t\t\t<\/div>\n\t\t<\/div>\n\t\t\t\t\t<\/div>\n\t\t<\/section>\n\t\t\t\t<section class=\"elementor-section elementor-top-section elementor-element elementor-element-04c11ad elementor-section-boxed elementor-section-height-default elementor-section-height-default\" data-id=\"04c11ad\" data-element_type=\"section\" data-e-type=\"section\">\n\t\t\t\t\t\t<div class=\"elementor-container elementor-column-gap-default\">\n\t\t\t\t\t<div class=\"elementor-column elementor-col-100 elementor-top-column elementor-element elementor-element-e89b4d7\" data-id=\"e89b4d7\" data-element_type=\"column\" data-e-type=\"column\">\n\t\t\t<div class=\"elementor-widget-wrap elementor-element-populated\">\n\t\t\t\t\t\t<div class=\"elementor-element elementor-element-a9717c4 elementor-widget elementor-widget-spacer\" data-id=\"a9717c4\" data-element_type=\"widget\" data-e-type=\"widget\" data-widget_type=\"spacer.default\">\n\t\t\t\t<div class=\"elementor-widget-container\">\n\t\t\t\t\t\t\t<div class=\"elementor-spacer\">\n\t\t\t<div class=\"elementor-spacer-inner\"><\/div>\n\t\t<\/div>\n\t\t\t\t\t\t<\/div>\n\t\t\t\t<\/div>\n\t\t\t\t\t<\/div>\n\t\t<\/div>\n\t\t\t\t\t<\/div>\n\t\t<\/section>\n\t\t\t\t<\/div>\n\t\t","protected":false},"excerpt":{"rendered":"<p>ELEO Gys Ergon BIO ELEO Gys Ergon Bio-Oliven\u00f6l 750 ml Superieure Qualit\u00e4t Zarter Geschmack Gibt es Bio-Oliven\u00f6l von h\u00f6chster Qualit\u00e4t? Ja! Eleo Gys Ergon ist ein erstklassiges Extra Virgin. Der angenehme Geruch, der samtige, zarte Geschmack, der leicht pfeffrige Nachgeschmack: Dies ist ein \u00d6l, das Sie jeden Tag \u00fcber jedem Gericht verwenden m\u00f6chten. Die Familie [&hellip;]<\/p>\n","protected":false},"author":1,"featured_media":0,"parent":2366,"menu_order":0,"comment_status":"closed","ping_status":"closed","template":"","meta":{"site-sidebar-layout":"no-sidebar","site-content-layout":"page-builder","ast-site-content-layout":"default","site-content-style":"default","site-sidebar-style":"default","ast-global-header-display":"","ast-banner-title-visibility":"","ast-main-header-display":"","ast-hfb-above-header-display":"","ast-hfb-below-header-display":"","ast-hfb-mobile-header-display":"","site-post-title":"disabled","ast-breadcrumbs-content":"","ast-featured-img":"disabled","footer-sml-layout":"","ast-disable-related-posts":"","theme-transparent-header-meta":"","adv-header-id-meta":"","stick-header-meta":"","header-above-stick-meta":"","header-main-stick-meta":"","header-below-stick-meta":"","astra-migrate-meta-layouts":"default","ast-page-background-enabled":"default","ast-page-background-meta":{"desktop":{"background-color":"","background-image":"","background-repeat":"repeat","background-position":"center center","background-size":"auto","background-attachment":"scroll","background-type":"","background-media":"","overlay-type":"","overlay-color":"","overlay-opacity":"","overlay-gradient":""},"tablet":{"background-color":"","background-image":"","background-repeat":"repeat","background-position":"center center","background-size":"auto","background-attachment":"scroll","background-type":"","background-media":"","overlay-type":"","overlay-color":"","overlay-opacity":"","overlay-gradient":""},"mobile":{"background-color":"","background-image":"","background-repeat":"repeat","background-position":"center center","background-size":"auto","background-attachment":"scroll","background-type":"","background-media":"","overlay-type":"","overlay-color":"","overlay-opacity":"","overlay-gradient":""}},"ast-content-background-meta":{"desktop":{"background-color":"var(--ast-global-color-5)","background-image":"","background-repeat":"repeat","background-position":"center center","background-size":"auto","background-attachment":"scroll","background-type":"","background-media":"","overlay-type":"","overlay-color":"","overlay-opacity":"","overlay-gradient":""},"tablet":{"background-color":"var(--ast-global-color-5)","background-image":"","background-repeat":"repeat","background-position":"center center","background-size":"auto","background-attachment":"scroll","background-type":"","background-media":"","overlay-type":"","overlay-color":"","overlay-opacity":"","overlay-gradient":""},"mobile":{"background-color":"var(--ast-global-color-5)","background-image":"","background-repeat":"repeat","background-position":"center center","background-size":"auto","background-attachment":"scroll","background-type":"","background-media":"","overlay-type":"","overlay-color":"","overlay-opacity":"","overlay-gradient":""}},"footnotes":""},"class_list":["post-2370","page","type-page","status-publish","hentry"],"_links":{"self":[{"href":"https:\/\/eleogreece.nl\/de\/wp-json\/wp\/v2\/pages\/2370","targetHints":{"allow":["GET"]}}],"collection":[{"href":"https:\/\/eleogreece.nl\/de\/wp-json\/wp\/v2\/pages"}],"about":[{"href":"https:\/\/eleogreece.nl\/de\/wp-json\/wp\/v2\/types\/page"}],"author":[{"embeddable":true,"href":"https:\/\/eleogreece.nl\/de\/wp-json\/wp\/v2\/users\/1"}],"replies":[{"embeddable":true,"href":"https:\/\/eleogreece.nl\/de\/wp-json\/wp\/v2\/comments?post=2370"}],"version-history":[{"count":6,"href":"https:\/\/eleogreece.nl\/de\/wp-json\/wp\/v2\/pages\/2370\/revisions"}],"predecessor-version":[{"id":4302,"href":"https:\/\/eleogreece.nl\/de\/wp-json\/wp\/v2\/pages\/2370\/revisions\/4302"}],"up":[{"embeddable":true,"href":"https:\/\/eleogreece.nl\/de\/wp-json\/wp\/v2\/pages\/2366"}],"wp:attachment":[{"href":"https:\/\/eleogreece.nl\/de\/wp-json\/wp\/v2\/media?parent=2370"}],"curies":[{"name":"wp","href":"https:\/\/api.w.org\/{rel}","templated":true}]}}