{"id":2366,"date":"2022-10-04T09:56:18","date_gmt":"2022-10-04T09:56:18","guid":{"rendered":"https:\/\/eleogreece.nl\/produktauswahl\/"},"modified":"2024-11-12T14:19:54","modified_gmt":"2024-11-12T14:19:54","slug":"produktauswahl","status":"publish","type":"page","link":"https:\/\/eleogreece.nl\/de\/produktauswahl\/","title":{"rendered":"Produktauswahl"},"content":{"rendered":"\t\t<div data-elementor-type=\"wp-page\" data-elementor-id=\"2366\" class=\"elementor elementor-2366 elementor-826\" data-elementor-post-type=\"page\">\n\t\t\t\t\t\t<section class=\"elementor-section elementor-top-section elementor-element elementor-element-0106421 elementor-section-full_width elementor-section-stretched elementor-section-height-default elementor-section-height-default\" data-id=\"0106421\" data-element_type=\"section\" data-e-type=\"section\" data-settings=\"{&quot;stretch_section&quot;:&quot;section-stretched&quot;,&quot;background_background&quot;:&quot;classic&quot;}\">\n\t\t\t\t\t\t\t<div class=\"elementor-background-overlay\"><\/div>\n\t\t\t\t\t\t\t<div class=\"elementor-container elementor-column-gap-no\">\n\t\t\t\t\t<div class=\"elementor-column elementor-col-100 elementor-top-column elementor-element elementor-element-9022d72\" data-id=\"9022d72\" data-element_type=\"column\" data-e-type=\"column\">\n\t\t\t<div class=\"elementor-widget-wrap\">\n\t\t\t\t\t\t\t<\/div>\n\t\t<\/div>\n\t\t\t\t\t<\/div>\n\t\t<\/section>\n\t\t\t\t<section class=\"elementor-section elementor-top-section elementor-element elementor-element-a5b4266 elementor-section-boxed elementor-section-height-default elementor-section-height-default\" data-id=\"a5b4266\" data-element_type=\"section\" data-e-type=\"section\">\n\t\t\t\t\t\t<div class=\"elementor-container elementor-column-gap-default\">\n\t\t\t\t\t<div class=\"elementor-column elementor-col-100 elementor-top-column elementor-element elementor-element-367c160\" data-id=\"367c160\" data-element_type=\"column\" data-e-type=\"column\">\n\t\t\t<div class=\"elementor-widget-wrap\">\n\t\t\t\t\t\t\t<\/div>\n\t\t<\/div>\n\t\t\t\t\t<\/div>\n\t\t<\/section>\n\t\t\t\t<section class=\"elementor-section elementor-top-section elementor-element elementor-element-6c51105 elementor-section-full_width elementor-section-stretched elementor-section-height-default elementor-section-height-default\" data-id=\"6c51105\" data-element_type=\"section\" data-e-type=\"section\" data-settings=\"{&quot;stretch_section&quot;:&quot;section-stretched&quot;}\">\n\t\t\t\t\t\t<div class=\"elementor-container elementor-column-gap-default\">\n\t\t\t\t\t<div class=\"elementor-column elementor-col-100 elementor-top-column elementor-element elementor-element-5b2ebb1\" data-id=\"5b2ebb1\" data-element_type=\"column\" data-e-type=\"column\">\n\t\t\t<div class=\"elementor-widget-wrap elementor-element-populated\">\n\t\t\t\t\t\t<div class=\"elementor-element elementor-element-f283b18 elementor-widget elementor-widget-image\" data-id=\"f283b18\" data-element_type=\"widget\" data-e-type=\"widget\" data-widget_type=\"image.default\">\n\t\t\t\t<div class=\"elementor-widget-container\">\n\t\t\t\t\t\t\t\t\t\t\t\t\t\t\t<img fetchpriority=\"high\" decoding=\"async\" width=\"1920\" height=\"360\" src=\"https:\/\/eleogreece.nl\/wp-content\/uploads\/2022\/09\/olijftak-2_Tekengebied-1.png\" class=\"attachment-full size-full wp-image-2245\" alt=\"\" srcset=\"https:\/\/eleogreece.nl\/wp-content\/uploads\/2022\/09\/olijftak-2_Tekengebied-1.png 1920w, https:\/\/eleogreece.nl\/wp-content\/uploads\/2022\/09\/olijftak-2_Tekengebied-1-300x56.png 300w, https:\/\/eleogreece.nl\/wp-content\/uploads\/2022\/09\/olijftak-2_Tekengebied-1-1024x192.png 1024w, https:\/\/eleogreece.nl\/wp-content\/uploads\/2022\/09\/olijftak-2_Tekengebied-1-768x144.png 768w, https:\/\/eleogreece.nl\/wp-content\/uploads\/2022\/09\/olijftak-2_Tekengebied-1-1536x288.png 1536w\" sizes=\"(max-width: 1920px) 100vw, 1920px\" \/>\t\t\t\t\t\t\t\t\t\t\t\t\t\t\t<\/div>\n\t\t\t\t<\/div>\n\t\t\t\t\t<\/div>\n\t\t<\/div>\n\t\t\t\t\t<\/div>\n\t\t<\/section>\n\t\t\t\t<section class=\"elementor-section elementor-top-section elementor-element elementor-element-84d3075 elementor-section-boxed elementor-section-height-default elementor-section-height-default\" data-id=\"84d3075\" data-element_type=\"section\" data-e-type=\"section\">\n\t\t\t\t\t\t<div class=\"elementor-container elementor-column-gap-default\">\n\t\t\t\t\t<div class=\"elementor-column elementor-col-25 elementor-top-column elementor-element elementor-element-2afcb02\" data-id=\"2afcb02\" data-element_type=\"column\" data-e-type=\"column\">\n\t\t\t<div class=\"elementor-widget-wrap elementor-element-populated\">\n\t\t\t\t\t\t<div class=\"elementor-element elementor-element-8b480b8 elementor-invisible elementor-widget elementor-widget-image\" data-id=\"8b480b8\" data-element_type=\"widget\" data-e-type=\"widget\" data-settings=\"{&quot;_animation&quot;:&quot;fadeInLeft&quot;}\" data-widget_type=\"image.default\">\n\t\t\t\t<div class=\"elementor-widget-container\">\n\t\t\t\t\t\t\t\t\t\t\t\t\t\t\t\t<a href=\"https:\/\/eleogreece.nl\/03-zuurgraad\/\" target=\"_blank\">\n\t\t\t\t\t\t\t<img decoding=\"async\" width=\"1282\" height=\"1920\" src=\"https:\/\/eleogreece.nl\/wp-content\/uploads\/2022\/09\/\u00a9.2022-IvoVleugels_Eleo_PackShot-1L-voorzijde-A.png\" class=\"attachment-full size-full wp-image-2233\" alt=\"\" srcset=\"https:\/\/eleogreece.nl\/wp-content\/uploads\/2022\/09\/\u00a9.2022-IvoVleugels_Eleo_PackShot-1L-voorzijde-A.png 1282w, https:\/\/eleogreece.nl\/wp-content\/uploads\/2022\/09\/\u00a9.2022-IvoVleugels_Eleo_PackShot-1L-voorzijde-A-200x300.png 200w, https:\/\/eleogreece.nl\/wp-content\/uploads\/2022\/09\/\u00a9.2022-IvoVleugels_Eleo_PackShot-1L-voorzijde-A-684x1024.png 684w, https:\/\/eleogreece.nl\/wp-content\/uploads\/2022\/09\/\u00a9.2022-IvoVleugels_Eleo_PackShot-1L-voorzijde-A-768x1150.png 768w, https:\/\/eleogreece.nl\/wp-content\/uploads\/2022\/09\/\u00a9.2022-IvoVleugels_Eleo_PackShot-1L-voorzijde-A-1026x1536.png 1026w\" sizes=\"(max-width: 1282px) 100vw, 1282px\" \/>\t\t\t\t\t\t\t\t<\/a>\n\t\t\t\t\t\t\t\t\t\t\t\t\t\t\t<\/div>\n\t\t\t\t<\/div>\n\t\t\t\t<div class=\"elementor-element elementor-element-75fb44f elementor-align-center elementor-widget elementor-widget-button\" data-id=\"75fb44f\" data-element_type=\"widget\" data-e-type=\"widget\" data-widget_type=\"button.default\">\n\t\t\t\t<div class=\"elementor-widget-container\">\n\t\t\t\t\t\t\t\t\t<div class=\"elementor-button-wrapper\">\n\t\t\t\t\t<a class=\"elementor-button elementor-button-link elementor-size-sm elementor-animation-grow\" href=\"https:\/\/eleogreece.nl\/03-zuurgraad\/\" target=\"_blank\">\n\t\t\t\t\t\t<span class=\"elementor-button-content-wrapper\">\n\t\t\t\t\t\t<span class=\"elementor-button-icon\">\n\t\t\t\t<i aria-hidden=\"true\" class=\"fas fa-long-arrow-alt-right\"><\/i>\t\t\t<\/span>\n\t\t\t\t\t\t\t\t\t<span class=\"elementor-button-text\">Olympia<\/span>\n\t\t\t\t\t<\/span>\n\t\t\t\t\t<\/a>\n\t\t\t\t<\/div>\n\t\t\t\t\t\t\t\t<\/div>\n\t\t\t\t<\/div>\n\t\t\t\t<div class=\"elementor-element elementor-element-035ec6a elementor-widget elementor-widget-heading\" data-id=\"035ec6a\" data-element_type=\"widget\" data-e-type=\"widget\" data-widget_type=\"heading.default\">\n\t\t\t\t<div class=\"elementor-widget-container\">\n\t\t\t\t\t<h6 class=\"elementor-heading-title elementor-size-default\">Sorte: Koroneiki<br>\nStandort: Peloponnes<br>\nQualit\u00e4t: \u00dcberlegen<br>\nGeschmack: Zart<br>\nVerpackung: 1 Liter \/ 5 Liter<br>\nWarum?<br>\nJeder liebt dieses zarte, zarte Oliven\u00f6l von h\u00f6chster Qualit\u00e4t<\/h6>\t\t\t\t<\/div>\n\t\t\t\t<\/div>\n\t\t\t\t\t<\/div>\n\t\t<\/div>\n\t\t\t\t<div class=\"elementor-column elementor-col-25 elementor-top-column elementor-element elementor-element-374fbe8\" data-id=\"374fbe8\" data-element_type=\"column\" data-e-type=\"column\">\n\t\t\t<div class=\"elementor-widget-wrap elementor-element-populated\">\n\t\t\t\t\t\t<div class=\"elementor-element elementor-element-7ddd571 elementor-invisible elementor-widget elementor-widget-image\" data-id=\"7ddd571\" data-element_type=\"widget\" data-e-type=\"widget\" data-settings=\"{&quot;_animation&quot;:&quot;fadeInRight&quot;}\" data-widget_type=\"image.default\">\n\t\t\t\t<div class=\"elementor-widget-container\">\n\t\t\t\t\t\t\t\t\t\t\t\t\t\t\t\t<a href=\"https:\/\/eleogreece.nl\/05-zuurgraad\/\">\n\t\t\t\t\t\t\t<img decoding=\"async\" width=\"683\" height=\"1024\" src=\"https:\/\/eleogreece.nl\/wp-content\/uploads\/2022\/09\/\u00a9.2022-IvoVleugels_Eleo_PackShot-750ml_B_WEBSHOP-A-683x1024.png\" class=\"attachment-large size-large wp-image-2243\" alt=\"\" srcset=\"https:\/\/eleogreece.nl\/wp-content\/uploads\/2022\/09\/\u00a9.2022-IvoVleugels_Eleo_PackShot-750ml_B_WEBSHOP-A-683x1024.png 683w, https:\/\/eleogreece.nl\/wp-content\/uploads\/2022\/09\/\u00a9.2022-IvoVleugels_Eleo_PackShot-750ml_B_WEBSHOP-A-200x300.png 200w, https:\/\/eleogreece.nl\/wp-content\/uploads\/2022\/09\/\u00a9.2022-IvoVleugels_Eleo_PackShot-750ml_B_WEBSHOP-A-768x1151.png 768w, https:\/\/eleogreece.nl\/wp-content\/uploads\/2022\/09\/\u00a9.2022-IvoVleugels_Eleo_PackShot-750ml_B_WEBSHOP-A-1025x1536.png 1025w, https:\/\/eleogreece.nl\/wp-content\/uploads\/2022\/09\/\u00a9.2022-IvoVleugels_Eleo_PackShot-750ml_B_WEBSHOP-A.png 1281w\" sizes=\"(max-width: 683px) 100vw, 683px\" \/>\t\t\t\t\t\t\t\t<\/a>\n\t\t\t\t\t\t\t\t\t\t\t\t\t\t\t<\/div>\n\t\t\t\t<\/div>\n\t\t\t\t<div class=\"elementor-element elementor-element-4aac6de elementor-align-center elementor-widget elementor-widget-button\" data-id=\"4aac6de\" data-element_type=\"widget\" data-e-type=\"widget\" data-widget_type=\"button.default\">\n\t\t\t\t<div class=\"elementor-widget-container\">\n\t\t\t\t\t\t\t\t\t<div class=\"elementor-button-wrapper\">\n\t\t\t\t\t<a class=\"elementor-button elementor-button-link elementor-size-sm elementor-animation-grow\" href=\"https:\/\/eleogreece.nl\/05-zuurgraad\/\" target=\"_blank\">\n\t\t\t\t\t\t<span class=\"elementor-button-content-wrapper\">\n\t\t\t\t\t\t<span class=\"elementor-button-icon\">\n\t\t\t\t<i aria-hidden=\"true\" class=\"fas fa-long-arrow-alt-right\"><\/i>\t\t\t<\/span>\n\t\t\t\t\t\t\t\t\t<span class=\"elementor-button-text\">Amaliada<\/span>\n\t\t\t\t\t<\/span>\n\t\t\t\t\t<\/a>\n\t\t\t\t<\/div>\n\t\t\t\t\t\t\t\t<\/div>\n\t\t\t\t<\/div>\n\t\t\t\t<div class=\"elementor-element elementor-element-d58f099 elementor-widget elementor-widget-heading\" data-id=\"d58f099\" data-element_type=\"widget\" data-e-type=\"widget\" data-widget_type=\"heading.default\">\n\t\t\t\t<div class=\"elementor-widget-container\">\n\t\t\t\t\t<h6 class=\"elementor-heading-title elementor-size-default\">Sorte: Koroneiki<br>\nStandort: Peloponnes<br>\nQualit\u00e4t: \u00dcberlegen<br>\nGeschmack: Zart-Mittel<br>\nVerpackung: 100 ml \/ 750 ml \/ 5 l<br>\nWarum?<br>\nHervorragender Geschmack und Qualit\u00e4t zu einem sehr erschwinglichen Preis<\/h6>\t\t\t\t<\/div>\n\t\t\t\t<\/div>\n\t\t\t\t\t<\/div>\n\t\t<\/div>\n\t\t\t\t<div class=\"elementor-column elementor-col-25 elementor-top-column elementor-element elementor-element-c7cc1a8\" data-id=\"c7cc1a8\" data-element_type=\"column\" data-e-type=\"column\">\n\t\t\t<div class=\"elementor-widget-wrap elementor-element-populated\">\n\t\t\t\t\t\t<div class=\"elementor-element elementor-element-67fa5c0 elementor-invisible elementor-widget elementor-widget-image\" data-id=\"67fa5c0\" data-element_type=\"widget\" data-e-type=\"widget\" data-settings=\"{&quot;_animation&quot;:&quot;fadeInLeft&quot;}\" data-widget_type=\"image.default\">\n\t\t\t\t<div class=\"elementor-widget-container\">\n\t\t\t\t\t\t\t\t\t\t\t\t\t\t\t\t<a href=\"https:\/\/eleogreece.nl\/assortiment\/gys-ergon\/\">\n\t\t\t\t\t\t\t<img decoding=\"async\" width=\"1282\" height=\"1920\" src=\"https:\/\/eleogreece.nl\/wp-content\/uploads\/2022\/09\/\u00a9.2022-IvoVleugels_Eleo_PackShot-1L-voorzijde-A.png\" class=\"attachment-full size-full wp-image-2233\" alt=\"\" srcset=\"https:\/\/eleogreece.nl\/wp-content\/uploads\/2022\/09\/\u00a9.2022-IvoVleugels_Eleo_PackShot-1L-voorzijde-A.png 1282w, https:\/\/eleogreece.nl\/wp-content\/uploads\/2022\/09\/\u00a9.2022-IvoVleugels_Eleo_PackShot-1L-voorzijde-A-200x300.png 200w, https:\/\/eleogreece.nl\/wp-content\/uploads\/2022\/09\/\u00a9.2022-IvoVleugels_Eleo_PackShot-1L-voorzijde-A-684x1024.png 684w, https:\/\/eleogreece.nl\/wp-content\/uploads\/2022\/09\/\u00a9.2022-IvoVleugels_Eleo_PackShot-1L-voorzijde-A-768x1150.png 768w, https:\/\/eleogreece.nl\/wp-content\/uploads\/2022\/09\/\u00a9.2022-IvoVleugels_Eleo_PackShot-1L-voorzijde-A-1026x1536.png 1026w\" sizes=\"(max-width: 1282px) 100vw, 1282px\" \/>\t\t\t\t\t\t\t\t<\/a>\n\t\t\t\t\t\t\t\t\t\t\t\t\t\t\t<\/div>\n\t\t\t\t<\/div>\n\t\t\t\t<div class=\"elementor-element elementor-element-7d1935b elementor-align-center elementor-widget elementor-widget-button\" data-id=\"7d1935b\" data-element_type=\"widget\" data-e-type=\"widget\" data-widget_type=\"button.default\">\n\t\t\t\t<div class=\"elementor-widget-container\">\n\t\t\t\t\t\t\t\t\t<div class=\"elementor-button-wrapper\">\n\t\t\t\t\t<a class=\"elementor-button elementor-button-link elementor-size-sm elementor-animation-grow\" href=\"https:\/\/eleogreece.nl\/assortiment\/gys-ergon\/\">\n\t\t\t\t\t\t<span class=\"elementor-button-content-wrapper\">\n\t\t\t\t\t\t<span class=\"elementor-button-icon\">\n\t\t\t\t<i aria-hidden=\"true\" class=\"fas fa-long-arrow-alt-right\"><\/i>\t\t\t<\/span>\n\t\t\t\t\t\t\t\t\t<span class=\"elementor-button-text\">Gys Ergon<\/span>\n\t\t\t\t\t<\/span>\n\t\t\t\t\t<\/a>\n\t\t\t\t<\/div>\n\t\t\t\t\t\t\t\t<\/div>\n\t\t\t\t<\/div>\n\t\t\t\t<div class=\"elementor-element elementor-element-0d348e2 elementor-widget elementor-widget-heading\" data-id=\"0d348e2\" data-element_type=\"widget\" data-e-type=\"widget\" data-widget_type=\"heading.default\">\n\t\t\t\t<div class=\"elementor-widget-container\">\n\t\t\t\t\t<h6 class=\"elementor-heading-title elementor-size-default\">Sorte: Koroneiki<br>\nStandort: Peloponnes<br>\nQualit\u00e4t: \u00dcberlegen<br>\nGeschmack: Zart-Mittel<br>\nVerpackung: 500 ml<br>\nWarum?<br>\nBio-EVOO von sehr hoher Qualit\u00e4t zu einem akzeptablen Preis<\/h6>\t\t\t\t<\/div>\n\t\t\t\t<\/div>\n\t\t\t\t\t<\/div>\n\t\t<\/div>\n\t\t\t\t<div class=\"elementor-column elementor-col-25 elementor-top-column elementor-element elementor-element-914dc7b\" data-id=\"914dc7b\" data-element_type=\"column\" data-e-type=\"column\">\n\t\t\t<div class=\"elementor-widget-wrap elementor-element-populated\">\n\t\t\t\t\t\t<div class=\"elementor-element elementor-element-5d337c7 elementor-invisible elementor-widget elementor-widget-image\" data-id=\"5d337c7\" data-element_type=\"widget\" data-e-type=\"widget\" data-settings=\"{&quot;_animation&quot;:&quot;fadeInRight&quot;}\" data-widget_type=\"image.default\">\n\t\t\t\t<div class=\"elementor-widget-container\">\n\t\t\t\t\t\t\t\t\t\t\t\t\t\t\t\t<a href=\"\/assortiment\/nike\">\n\t\t\t\t\t\t\t<img decoding=\"async\" width=\"683\" height=\"1024\" src=\"https:\/\/eleogreece.nl\/wp-content\/uploads\/2022\/09\/\u00a9.2022-IvoVleugels_Eleo_PackShot-750ml_B_WEBSHOP-A-683x1024.png\" class=\"attachment-large size-large wp-image-2243\" alt=\"\" srcset=\"https:\/\/eleogreece.nl\/wp-content\/uploads\/2022\/09\/\u00a9.2022-IvoVleugels_Eleo_PackShot-750ml_B_WEBSHOP-A-683x1024.png 683w, https:\/\/eleogreece.nl\/wp-content\/uploads\/2022\/09\/\u00a9.2022-IvoVleugels_Eleo_PackShot-750ml_B_WEBSHOP-A-200x300.png 200w, https:\/\/eleogreece.nl\/wp-content\/uploads\/2022\/09\/\u00a9.2022-IvoVleugels_Eleo_PackShot-750ml_B_WEBSHOP-A-768x1151.png 768w, https:\/\/eleogreece.nl\/wp-content\/uploads\/2022\/09\/\u00a9.2022-IvoVleugels_Eleo_PackShot-750ml_B_WEBSHOP-A-1025x1536.png 1025w, https:\/\/eleogreece.nl\/wp-content\/uploads\/2022\/09\/\u00a9.2022-IvoVleugels_Eleo_PackShot-750ml_B_WEBSHOP-A.png 1281w\" sizes=\"(max-width: 683px) 100vw, 683px\" \/>\t\t\t\t\t\t\t\t<\/a>\n\t\t\t\t\t\t\t\t\t\t\t\t\t\t\t<\/div>\n\t\t\t\t<\/div>\n\t\t\t\t<div class=\"elementor-element elementor-element-1d3759a elementor-align-center elementor-widget elementor-widget-button\" data-id=\"1d3759a\" data-element_type=\"widget\" data-e-type=\"widget\" data-widget_type=\"button.default\">\n\t\t\t\t<div class=\"elementor-widget-container\">\n\t\t\t\t\t\t\t\t\t<div class=\"elementor-button-wrapper\">\n\t\t\t\t\t<a class=\"elementor-button elementor-button-link elementor-size-sm elementor-animation-grow\" href=\"\/assortiment\/nike\">\n\t\t\t\t\t\t<span class=\"elementor-button-content-wrapper\">\n\t\t\t\t\t\t<span class=\"elementor-button-icon\">\n\t\t\t\t<i aria-hidden=\"true\" class=\"fas fa-long-arrow-alt-right\"><\/i>\t\t\t<\/span>\n\t\t\t\t\t\t\t\t\t<span class=\"elementor-button-text\">Nike<\/span>\n\t\t\t\t\t<\/span>\n\t\t\t\t\t<\/a>\n\t\t\t\t<\/div>\n\t\t\t\t\t\t\t\t<\/div>\n\t\t\t\t<\/div>\n\t\t\t\t<div class=\"elementor-element elementor-element-1146f2a elementor-widget elementor-widget-heading\" data-id=\"1146f2a\" data-element_type=\"widget\" data-e-type=\"widget\" data-widget_type=\"heading.default\">\n\t\t\t\t<div class=\"elementor-widget-container\">\n\t\t\t\t\t<h6 class=\"elementor-heading-title elementor-size-default\">Sorte: Picual<br>\nStandort: Nordgriechenland<br>\nQualit\u00e4t: Au\u00dfergew\u00f6hnlich<br>\nGeschmack: Robust<br>\nVerpackung: 500 ml<br>\nWarum?<br>\nEines der ges\u00fcndesten Oliven\u00f6le der Welt, mit hervorragendem, kr\u00e4ftigem Geschmack<\/h6>\t\t\t\t<\/div>\n\t\t\t\t<\/div>\n\t\t\t\t\t<\/div>\n\t\t<\/div>\n\t\t\t\t\t<\/div>\n\t\t<\/section>\n\t\t\t\t<section class=\"elementor-section elementor-top-section elementor-element elementor-element-239c83e elementor-section-boxed elementor-section-height-default elementor-section-height-default\" data-id=\"239c83e\" data-element_type=\"section\" data-e-type=\"section\">\n\t\t\t\t\t\t<div class=\"elementor-container elementor-column-gap-default\">\n\t\t\t\t\t<div class=\"elementor-column elementor-col-100 elementor-top-column elementor-element elementor-element-81a8331\" data-id=\"81a8331\" data-element_type=\"column\" data-e-type=\"column\">\n\t\t\t<div class=\"elementor-widget-wrap elementor-element-populated\">\n\t\t\t\t\t\t<div class=\"elementor-element elementor-element-d4553bd elementor-widget elementor-widget-image\" data-id=\"d4553bd\" data-element_type=\"widget\" data-e-type=\"widget\" data-widget_type=\"image.default\">\n\t\t\t\t<div class=\"elementor-widget-container\">\n\t\t\t\t\t\t\t\t\t\t\t\t\t\t\t<img loading=\"lazy\" decoding=\"async\" width=\"100\" height=\"100\" src=\"https:\/\/eleogreece.nl\/wp-content\/uploads\/2022\/10\/ELEOFavicon.png\" class=\"attachment-full size-full wp-image-2305\" alt=\"\" \/>\t\t\t\t\t\t\t\t\t\t\t\t\t\t\t<\/div>\n\t\t\t\t<\/div>\n\t\t\t\t\t<\/div>\n\t\t<\/div>\n\t\t\t\t\t<\/div>\n\t\t<\/section>\n\t\t\t\t<\/div>\n\t\t","protected":false},"excerpt":{"rendered":"<p>Olympia Sorte: Koroneiki Standort: Peloponnes Qualit\u00e4t: \u00dcberlegen Geschmack: Zart Verpackung: 1 Liter \/ 5 Liter Warum? Jeder liebt dieses zarte, zarte Oliven\u00f6l von h\u00f6chster Qualit\u00e4t Amaliada Sorte: Koroneiki Standort: Peloponnes Qualit\u00e4t: \u00dcberlegen Geschmack: Zart-Mittel Verpackung: 100 ml \/ 750 ml \/ 5 l Warum? Hervorragender Geschmack und Qualit\u00e4t zu einem sehr erschwinglichen Preis Gys Ergon [&hellip;]<\/p>\n","protected":false},"author":1,"featured_media":0,"parent":0,"menu_order":0,"comment_status":"closed","ping_status":"closed","template":"","meta":{"site-sidebar-layout":"no-sidebar","site-content-layout":"page-builder","ast-site-content-layout":"default","site-content-style":"default","site-sidebar-style":"default","ast-global-header-display":"","ast-banner-title-visibility":"","ast-main-header-display":"","ast-hfb-above-header-display":"","ast-hfb-below-header-display":"","ast-hfb-mobile-header-display":"","site-post-title":"disabled","ast-breadcrumbs-content":"","ast-featured-img":"disabled","footer-sml-layout":"","ast-disable-related-posts":"","theme-transparent-header-meta":"","adv-header-id-meta":"","stick-header-meta":"","header-above-stick-meta":"","header-main-stick-meta":"","header-below-stick-meta":"","astra-migrate-meta-layouts":"default","ast-page-background-enabled":"default","ast-page-background-meta":{"desktop":{"background-color":"","background-image":"","background-repeat":"repeat","background-position":"center center","background-size":"auto","background-attachment":"scroll","background-type":"","background-media":"","overlay-type":"","overlay-color":"","overlay-opacity":"","overlay-gradient":""},"tablet":{"background-color":"","background-image":"","background-repeat":"repeat","background-position":"center center","background-size":"auto","background-attachment":"scroll","background-type":"","background-media":"","overlay-type":"","overlay-color":"","overlay-opacity":"","overlay-gradient":""},"mobile":{"background-color":"","background-image":"","background-repeat":"repeat","background-position":"center center","background-size":"auto","background-attachment":"scroll","background-type":"","background-media":"","overlay-type":"","overlay-color":"","overlay-opacity":"","overlay-gradient":""}},"ast-content-background-meta":{"desktop":{"background-color":"var(--ast-global-color-5)","background-image":"","background-repeat":"repeat","background-position":"center center","background-size":"auto","background-attachment":"scroll","background-type":"","background-media":"","overlay-type":"","overlay-color":"","overlay-opacity":"","overlay-gradient":""},"tablet":{"background-color":"var(--ast-global-color-5)","background-image":"","background-repeat":"repeat","background-position":"center center","background-size":"auto","background-attachment":"scroll","background-type":"","background-media":"","overlay-type":"","overlay-color":"","overlay-opacity":"","overlay-gradient":""},"mobile":{"background-color":"var(--ast-global-color-5)","background-image":"","background-repeat":"repeat","background-position":"center center","background-size":"auto","background-attachment":"scroll","background-type":"","background-media":"","overlay-type":"","overlay-color":"","overlay-opacity":"","overlay-gradient":""}},"footnotes":""},"class_list":["post-2366","page","type-page","status-publish","hentry"],"_links":{"self":[{"href":"https:\/\/eleogreece.nl\/de\/wp-json\/wp\/v2\/pages\/2366","targetHints":{"allow":["GET"]}}],"collection":[{"href":"https:\/\/eleogreece.nl\/de\/wp-json\/wp\/v2\/pages"}],"about":[{"href":"https:\/\/eleogreece.nl\/de\/wp-json\/wp\/v2\/types\/page"}],"author":[{"embeddable":true,"href":"https:\/\/eleogreece.nl\/de\/wp-json\/wp\/v2\/users\/1"}],"replies":[{"embeddable":true,"href":"https:\/\/eleogreece.nl\/de\/wp-json\/wp\/v2\/comments?post=2366"}],"version-history":[{"count":6,"href":"https:\/\/eleogreece.nl\/de\/wp-json\/wp\/v2\/pages\/2366\/revisions"}],"predecessor-version":[{"id":4314,"href":"https:\/\/eleogreece.nl\/de\/wp-json\/wp\/v2\/pages\/2366\/revisions\/4314"}],"wp:attachment":[{"href":"https:\/\/eleogreece.nl\/de\/wp-json\/wp\/v2\/media?parent=2366"}],"curies":[{"name":"wp","href":"https:\/\/api.w.org\/{rel}","templated":true}]}}